{"id":1054,"date":"2022-12-29T16:46:15","date_gmt":"2022-12-29T15:46:15","guid":{"rendered":"http:\/\/studiokobietzukowo.com\/?page_id=1054"},"modified":"2023-04-19T18:03:53","modified_gmt":"2023-04-19T16:03:53","slug":"efekty","status":"publish","type":"page","link":"https:\/\/studiokobietzukowo.com\/?page_id=1054","title":{"rendered":"Efekty"},"content":{"rendered":"\t\t<div data-elementor-type=\"wp-page\" data-elementor-id=\"1054\" class=\"elementor elementor-1054\">\n\t\t\t\t\t\t<section class=\"elementor-section elementor-top-section elementor-element elementor-element-29cb6c6 elementor-section-boxed elementor-section-height-default elementor-section-height-default\" data-id=\"29cb6c6\" data-element_type=\"section\">\n\t\t\t\t\t\t<div class=\"elementor-container elementor-column-gap-default\">\n\t\t\t\t\t<div class=\"elementor-column elementor-col-100 elementor-top-column elementor-element elementor-element-6fe16fe\" data-id=\"6fe16fe\" data-element_type=\"column\">\n\t\t\t<div class=\"elementor-widget-wrap elementor-element-populated\">\n\t\t\t\t\t\t<div class=\"elementor-element elementor-element-34154e9 elementor-widget elementor-widget-heading\" data-id=\"34154e9\" data-element_type=\"widget\" data-widget_type=\"heading.default\">\n\t\t\t\t<div class=\"elementor-widget-container\">\n\t\t\t\t\t<h2 class=\"elementor-heading-title elementor-size-default\">EFEKTY<\/h2>\t\t\t\t<\/div>\n\t\t\t\t<\/div>\n\t\t\t\t\t<\/div>\n\t\t<\/div>\n\t\t\t\t\t<\/div>\n\t\t<\/section>\n\t\t\t\t<section class=\"elementor-section elementor-top-section elementor-element elementor-element-5fa6d97 elementor-section-boxed elementor-section-height-default elementor-section-height-default\" data-id=\"5fa6d97\" data-element_type=\"section\">\n\t\t\t\t\t\t<div class=\"elementor-container elementor-column-gap-default\">\n\t\t\t\t\t<div class=\"elementor-column elementor-col-100 elementor-top-column elementor-element elementor-element-2e51ac7\" data-id=\"2e51ac7\" data-element_type=\"column\">\n\t\t\t<div class=\"elementor-widget-wrap elementor-element-populated\">\n\t\t\t\t\t\t<div class=\"elementor-element elementor-element-4e88b0f elementor-widget elementor-widget-text-editor\" data-id=\"4e88b0f\" data-element_type=\"widget\" data-widget_type=\"text-editor.default\">\n\t\t\t\t<div class=\"elementor-widget-container\">\n\t\t\t\t\t\t\t\t\t<p style=\"text-align: center;\"><strong>Studio Kobiet \u017bukowo jest gwarancj\u0105 uzyskania najlepszych efekt\u00f3w dzi\u0119ki indywidualnemu i\u00a0<span style=\"font-style: inherit; background-color: var(--ast-global-color-4); color: var(--ast-global-color-3);\">kompleksowemu podej\u015bciu oraz stosowanie medycznych sprz\u0119t\u00f3w i oryginalnych marek. Przez\u00a0<\/span><span style=\"font-style: inherit; background-color: var(--ast-global-color-4); color: var(--ast-global-color-3);\">wieloletni okres naszej dzia\u0142alno\u015bci zyska\u0142y\u015bmy serca i zaufanie kilku tysi\u0119cy kobiet.\u00a0<\/span><\/strong><\/p>\t\t\t\t\t\t\t\t<\/div>\n\t\t\t\t<\/div>\n\t\t\t\t\t<\/div>\n\t\t<\/div>\n\t\t\t\t\t<\/div>\n\t\t<\/section>\n\t\t\t\t<section class=\"elementor-section elementor-top-section elementor-element elementor-element-f1632b1 elementor-section-boxed elementor-section-height-default elementor-section-height-default\" data-id=\"f1632b1\" data-element_type=\"section\">\n\t\t\t\t\t\t<div class=\"elementor-container elementor-column-gap-default\">\n\t\t\t\t\t<div class=\"elementor-column elementor-col-100 elementor-top-column elementor-element elementor-element-6a76ed4\" data-id=\"6a76ed4\" data-element_type=\"column\">\n\t\t\t<div class=\"elementor-widget-wrap elementor-element-populated\">\n\t\t\t\t\t\t<section class=\"elementor-section elementor-inner-section elementor-element elementor-element-a01f84c elementor-section-content-middle elementor-section-boxed elementor-section-height-default elementor-section-height-default\" data-id=\"a01f84c\" data-element_type=\"section\">\n\t\t\t\t\t\t<div class=\"elementor-container elementor-column-gap-default\">\n\t\t\t\t\t<div class=\"elementor-column elementor-col-33 elementor-inner-column elementor-element elementor-element-60a9256\" data-id=\"60a9256\" data-element_type=\"column\" data-settings=\"{&quot;background_background&quot;:&quot;classic&quot;}\">\n\t\t\t<div class=\"elementor-widget-wrap elementor-element-populated\">\n\t\t\t\t\t<div class=\"elementor-background-overlay\"><\/div>\n\t\t\t\t\t\t<div class=\"elementor-element elementor-element-72c41b6 elementor-widget elementor-widget-heading\" data-id=\"72c41b6\" data-element_type=\"widget\" data-widget_type=\"heading.default\">\n\t\t\t\t<div class=\"elementor-widget-container\">\n\t\t\t\t\t<h3 class=\"elementor-heading-title elementor-size-default\"><a href=\"http:\/\/studiokobietzukowo.com\/?page_id=982\">KILOGRAMY<\/a><\/h3>\t\t\t\t<\/div>\n\t\t\t\t<\/div>\n\t\t\t\t\t<\/div>\n\t\t<\/div>\n\t\t\t\t<div class=\"elementor-column elementor-col-33 elementor-inner-column elementor-element elementor-element-4c0032b\" data-id=\"4c0032b\" data-element_type=\"column\" data-settings=\"{&quot;background_background&quot;:&quot;classic&quot;}\">\n\t\t\t<div class=\"elementor-widget-wrap elementor-element-populated\">\n\t\t\t\t\t<div class=\"elementor-background-overlay\"><\/div>\n\t\t\t\t\t\t<div class=\"elementor-element elementor-element-ece745a elementor-widget elementor-widget-heading\" data-id=\"ece745a\" data-element_type=\"widget\" data-widget_type=\"heading.default\">\n\t\t\t\t<div class=\"elementor-widget-container\">\n\t\t\t\t\t<h3 class=\"elementor-heading-title elementor-size-default\"><a href=\"http:\/\/studiokobietzukowo.com\/?page_id=1071\">EFEKTY MED CONTOUR<\/a><\/h3>\t\t\t\t<\/div>\n\t\t\t\t<\/div>\n\t\t\t\t\t<\/div>\n\t\t<\/div>\n\t\t\t\t<div class=\"elementor-column elementor-col-33 elementor-inner-column elementor-element elementor-element-1acaad7\" data-id=\"1acaad7\" data-element_type=\"column\" data-settings=\"{&quot;background_background&quot;:&quot;classic&quot;}\">\n\t\t\t<div class=\"elementor-widget-wrap elementor-element-populated\">\n\t\t\t\t\t<div class=\"elementor-background-overlay\"><\/div>\n\t\t\t\t\t\t<div class=\"elementor-element elementor-element-590b8f5 elementor-widget elementor-widget-heading\" data-id=\"590b8f5\" data-element_type=\"widget\" data-widget_type=\"heading.default\">\n\t\t\t\t<div class=\"elementor-widget-container\">\n\t\t\t\t\t<h3 class=\"elementor-heading-title elementor-size-default\"><a href=\"http:\/\/studiokobietzukowo.com\/?page_id=1100\">EFEKTY ICOONE<\/a><\/h3>\t\t\t\t<\/div>\n\t\t\t\t<\/div>\n\t\t\t\t\t<\/div>\n\t\t<\/div>\n\t\t\t\t\t<\/div>\n\t\t<\/section>\n\t\t\t\t\t<\/div>\n\t\t<\/div>\n\t\t\t\t\t<\/div>\n\t\t<\/section>\n\t\t\t\t<section class=\"elementor-section elementor-top-section elementor-element elementor-element-9fe853b elementor-section-boxed elementor-section-height-default elementor-section-height-default\" data-id=\"9fe853b\" data-element_type=\"section\">\n\t\t\t\t\t\t<div class=\"elementor-container elementor-column-gap-default\">\n\t\t\t\t\t<div class=\"elementor-column elementor-col-100 elementor-top-column elementor-element elementor-element-5f47953\" data-id=\"5f47953\" data-element_type=\"column\">\n\t\t\t<div class=\"elementor-widget-wrap elementor-element-populated\">\n\t\t\t\t\t\t<section class=\"elementor-section elementor-inner-section elementor-element elementor-element-15b7bf8 elementor-section-content-middle elementor-section-boxed elementor-section-height-default elementor-section-height-default\" data-id=\"15b7bf8\" data-element_type=\"section\">\n\t\t\t\t\t\t<div class=\"elementor-container elementor-column-gap-default\">\n\t\t\t\t\t<div class=\"elementor-column elementor-col-50 elementor-inner-column elementor-element elementor-element-2261700\" data-id=\"2261700\" data-element_type=\"column\" data-settings=\"{&quot;background_background&quot;:&quot;classic&quot;}\">\n\t\t\t<div class=\"elementor-widget-wrap elementor-element-populated\">\n\t\t\t\t\t<div class=\"elementor-background-overlay\"><\/div>\n\t\t\t\t\t\t<div class=\"elementor-element elementor-element-adf7753 elementor-widget elementor-widget-heading\" data-id=\"adf7753\" data-element_type=\"widget\" data-widget_type=\"heading.default\">\n\t\t\t\t<div class=\"elementor-widget-container\">\n\t\t\t\t\t<h3 class=\"elementor-heading-title elementor-size-default\"><a href=\"http:\/\/studiokobietzukowo.com\/?page_id=1122\">EFEKTY ENDERMOLOGIA LPG<\/a><\/h3>\t\t\t\t<\/div>\n\t\t\t\t<\/div>\n\t\t\t\t\t<\/div>\n\t\t<\/div>\n\t\t\t\t<div class=\"elementor-column elementor-col-50 elementor-inner-column elementor-element elementor-element-4a63ed8\" data-id=\"4a63ed8\" data-element_type=\"column\" data-settings=\"{&quot;background_background&quot;:&quot;classic&quot;}\">\n\t\t\t<div class=\"elementor-widget-wrap elementor-element-populated\">\n\t\t\t\t\t<div class=\"elementor-background-overlay\"><\/div>\n\t\t\t\t\t\t<div class=\"elementor-element elementor-element-6226010 elementor-widget elementor-widget-heading\" data-id=\"6226010\" data-element_type=\"widget\" data-widget_type=\"heading.default\">\n\t\t\t\t<div class=\"elementor-widget-container\">\n\t\t\t\t\t<h3 class=\"elementor-heading-title elementor-size-default\"><a href=\"http:\/\/studiokobietzukowo.com\/?page_id=1157\">EFEKTY KRIOLIPOLIZA<\/a><\/h3>\t\t\t\t<\/div>\n\t\t\t\t<\/div>\n\t\t\t\t\t<\/div>\n\t\t<\/div>\n\t\t\t\t\t<\/div>\n\t\t<\/section>\n\t\t\t\t\t<\/div>\n\t\t<\/div>\n\t\t\t\t\t<\/div>\n\t\t<\/section>\n\t\t\t\t<\/div>\n\t\t","protected":false},"excerpt":{"rendered":"<p>EFEKTY Studio Kobiet \u017bukowo jest gwarancj\u0105 uzyskania najlepszych efekt\u00f3w dzi\u0119ki indywidualnemu i\u00a0kompleksowemu podej\u015bciu oraz stosowanie medycznych sprz\u0119t\u00f3w i oryginalnych marek. Przez\u00a0wieloletni okres naszej dzia\u0142alno\u015bci zyska\u0142y\u015bmy serca i zaufanie kilku tysi\u0119cy kobiet.\u00a0 KILOGRAMY EFEKTY MED CONTOUR EFEKTY ICOONE EFEKTY ENDERMOLOGIA LPG EFEKTY KRIOLIPOLIZA<\/p>\n","protected":false},"author":1,"featured_media":0,"parent":0,"menu_order":0,"comment_status":"closed","ping_status":"closed","template":"","meta":{"site-sidebar-layout":"no-sidebar","site-content-layout":"page-builder","ast-global-header-display":"","ast-main-header-display":"","ast-hfb-above-header-display":"","ast-hfb-below-header-display":"","ast-hfb-mobile-header-display":"","site-post-title":"disabled","ast-breadcrumbs-content":"","ast-featured-img":"disabled","footer-sml-layout":"","theme-transparent-header-meta":"","adv-header-id-meta":"","stick-header-meta":"","header-above-stick-meta":"","header-main-stick-meta":"","header-below-stick-meta":"","footnotes":""},"class_list":["post-1054","page","type-page","status-publish","hentry"],"yoast_head":"<!-- This site is optimized with the Yoast SEO plugin v19.13 - https:\/\/yoast.com\/wordpress\/plugins\/seo\/ -->\n<title>Efekty - Studio Kobiet \u017bukowo<\/title>\n<meta name=\"robots\" content=\"index, follow, max-snippet:-1, max-image-preview:large, max-video-preview:-1\" \/>\n<link rel=\"canonical\" href=\"http:\/\/studiokobietzukowo.com\/?page_id=1054\" \/>\n<meta property=\"og:locale\" content=\"en_US\" \/>\n<meta property=\"og:type\" content=\"article\" \/>\n<meta property=\"og:title\" content=\"Efekty - Studio Kobiet \u017bukowo\" \/>\n<meta property=\"og:description\" content=\"EFEKTY Studio Kobiet \u017bukowo jest gwarancj\u0105 uzyskania najlepszych efekt\u00f3w dzi\u0119ki indywidualnemu i\u00a0kompleksowemu podej\u015bciu oraz stosowanie medycznych sprz\u0119t\u00f3w i oryginalnych marek. Przez\u00a0wieloletni okres naszej dzia\u0142alno\u015bci zyska\u0142y\u015bmy serca i zaufanie kilku tysi\u0119cy kobiet.\u00a0 KILOGRAMY EFEKTY MED CONTOUR EFEKTY ICOONE EFEKTY ENDERMOLOGIA LPG EFEKTY KRIOLIPOLIZA\" \/>\n<meta property=\"og:url\" content=\"http:\/\/studiokobietzukowo.com\/?page_id=1054\" \/>\n<meta property=\"og:site_name\" content=\"Studio Kobiet \u017bukowo\" \/>\n<meta property=\"article:modified_time\" content=\"2023-04-19T16:03:53+00:00\" \/>\n<meta name=\"twitter:card\" content=\"summary_large_image\" \/>\n<meta name=\"twitter:label1\" content=\"Est. reading time\" \/>\n\t<meta name=\"twitter:data1\" content=\"1 minute\" \/>\n<script type=\"application\/ld+json\" class=\"yoast-schema-graph\">{\"@context\":\"https:\/\/schema.org\",\"@graph\":[{\"@type\":\"WebPage\",\"@id\":\"http:\/\/studiokobietzukowo.com\/?page_id=1054\",\"url\":\"http:\/\/studiokobietzukowo.com\/?page_id=1054\",\"name\":\"Efekty - Studio Kobiet \u017bukowo\",\"isPartOf\":{\"@id\":\"https:\/\/studiokobietzukowo.com\/#website\"},\"datePublished\":\"2022-12-29T15:46:15+00:00\",\"dateModified\":\"2023-04-19T16:03:53+00:00\",\"breadcrumb\":{\"@id\":\"http:\/\/studiokobietzukowo.com\/?page_id=1054#breadcrumb\"},\"inLanguage\":\"en-US\",\"potentialAction\":[{\"@type\":\"ReadAction\",\"target\":[\"http:\/\/studiokobietzukowo.com\/?page_id=1054\"]}]},{\"@type\":\"BreadcrumbList\",\"@id\":\"http:\/\/studiokobietzukowo.com\/?page_id=1054#breadcrumb\",\"itemListElement\":[{\"@type\":\"ListItem\",\"position\":1,\"name\":\"Home\",\"item\":\"https:\/\/studiokobietzukowo.com\/\"},{\"@type\":\"ListItem\",\"position\":2,\"name\":\"Efekty\"}]},{\"@type\":\"WebSite\",\"@id\":\"https:\/\/studiokobietzukowo.com\/#website\",\"url\":\"https:\/\/studiokobietzukowo.com\/\",\"name\":\"Studio Kobiet \u017bukowo\",\"description\":\"\",\"publisher\":{\"@id\":\"https:\/\/studiokobietzukowo.com\/#organization\"},\"potentialAction\":[{\"@type\":\"SearchAction\",\"target\":{\"@type\":\"EntryPoint\",\"urlTemplate\":\"https:\/\/studiokobietzukowo.com\/?s={search_term_string}\"},\"query-input\":\"required name=search_term_string\"}],\"inLanguage\":\"en-US\"},{\"@type\":\"Organization\",\"@id\":\"https:\/\/studiokobietzukowo.com\/#organization\",\"name\":\"Studio Kobiet \u017bukowo\",\"url\":\"https:\/\/studiokobietzukowo.com\/\",\"logo\":{\"@type\":\"ImageObject\",\"inLanguage\":\"en-US\",\"@id\":\"https:\/\/studiokobietzukowo.com\/#\/schema\/logo\/image\/\",\"url\":\"https:\/\/studiokobietzukowo.com\/wp-content\/uploads\/2022\/12\/cropped-Fotografia-Studio-Facebook-Zdjecie-w-Tle-851\u00d7315-px-8.png\",\"contentUrl\":\"https:\/\/studiokobietzukowo.com\/wp-content\/uploads\/2022\/12\/cropped-Fotografia-Studio-Facebook-Zdjecie-w-Tle-851\u00d7315-px-8.png\",\"width\":171,\"height\":225,\"caption\":\"Studio Kobiet \u017bukowo\"},\"image\":{\"@id\":\"https:\/\/studiokobietzukowo.com\/#\/schema\/logo\/image\/\"}}]}<\/script>\n<!-- \/ Yoast SEO plugin. -->","yoast_head_json":{"title":"Efekty - Studio Kobiet \u017bukowo","robots":{"index":"index","follow":"follow","max-snippet":"max-snippet:-1","max-image-preview":"max-image-preview:large","max-video-preview":"max-video-preview:-1"},"canonical":"http:\/\/studiokobietzukowo.com\/?page_id=1054","og_locale":"en_US","og_type":"article","og_title":"Efekty - Studio Kobiet \u017bukowo","og_description":"EFEKTY Studio Kobiet \u017bukowo jest gwarancj\u0105 uzyskania najlepszych efekt\u00f3w dzi\u0119ki indywidualnemu i\u00a0kompleksowemu podej\u015bciu oraz stosowanie medycznych sprz\u0119t\u00f3w i oryginalnych marek. Przez\u00a0wieloletni okres naszej dzia\u0142alno\u015bci zyska\u0142y\u015bmy serca i zaufanie kilku tysi\u0119cy kobiet.\u00a0 KILOGRAMY EFEKTY MED CONTOUR EFEKTY ICOONE EFEKTY ENDERMOLOGIA LPG EFEKTY KRIOLIPOLIZA","og_url":"http:\/\/studiokobietzukowo.com\/?page_id=1054","og_site_name":"Studio Kobiet \u017bukowo","article_modified_time":"2023-04-19T16:03:53+00:00","twitter_card":"summary_large_image","twitter_misc":{"Est. reading time":"1 minute"},"schema":{"@context":"https:\/\/schema.org","@graph":[{"@type":"WebPage","@id":"http:\/\/studiokobietzukowo.com\/?page_id=1054","url":"http:\/\/studiokobietzukowo.com\/?page_id=1054","name":"Efekty - Studio Kobiet \u017bukowo","isPartOf":{"@id":"https:\/\/studiokobietzukowo.com\/#website"},"datePublished":"2022-12-29T15:46:15+00:00","dateModified":"2023-04-19T16:03:53+00:00","breadcrumb":{"@id":"http:\/\/studiokobietzukowo.com\/?page_id=1054#breadcrumb"},"inLanguage":"en-US","potentialAction":[{"@type":"ReadAction","target":["http:\/\/studiokobietzukowo.com\/?page_id=1054"]}]},{"@type":"BreadcrumbList","@id":"http:\/\/studiokobietzukowo.com\/?page_id=1054#breadcrumb","itemListElement":[{"@type":"ListItem","position":1,"name":"Home","item":"https:\/\/studiokobietzukowo.com\/"},{"@type":"ListItem","position":2,"name":"Efekty"}]},{"@type":"WebSite","@id":"https:\/\/studiokobietzukowo.com\/#website","url":"https:\/\/studiokobietzukowo.com\/","name":"Studio Kobiet \u017bukowo","description":"","publisher":{"@id":"https:\/\/studiokobietzukowo.com\/#organization"},"potentialAction":[{"@type":"SearchAction","target":{"@type":"EntryPoint","urlTemplate":"https:\/\/studiokobietzukowo.com\/?s={search_term_string}"},"query-input":"required name=search_term_string"}],"inLanguage":"en-US"},{"@type":"Organization","@id":"https:\/\/studiokobietzukowo.com\/#organization","name":"Studio Kobiet \u017bukowo","url":"https:\/\/studiokobietzukowo.com\/","logo":{"@type":"ImageObject","inLanguage":"en-US","@id":"https:\/\/studiokobietzukowo.com\/#\/schema\/logo\/image\/","url":"https:\/\/studiokobietzukowo.com\/wp-content\/uploads\/2022\/12\/cropped-Fotografia-Studio-Facebook-Zdjecie-w-Tle-851\u00d7315-px-8.png","contentUrl":"https:\/\/studiokobietzukowo.com\/wp-content\/uploads\/2022\/12\/cropped-Fotografia-Studio-Facebook-Zdjecie-w-Tle-851\u00d7315-px-8.png","width":171,"height":225,"caption":"Studio Kobiet \u017bukowo"},"image":{"@id":"https:\/\/studiokobietzukowo.com\/#\/schema\/logo\/image\/"}}]}},"_links":{"self":[{"href":"https:\/\/studiokobietzukowo.com\/index.php?rest_route=\/wp\/v2\/pages\/1054","targetHints":{"allow":["GET"]}}],"collection":[{"href":"https:\/\/studiokobietzukowo.com\/index.php?rest_route=\/wp\/v2\/pages"}],"about":[{"href":"https:\/\/studiokobietzukowo.com\/index.php?rest_route=\/wp\/v2\/types\/page"}],"author":[{"embeddable":true,"href":"https:\/\/studiokobietzukowo.com\/index.php?rest_route=\/wp\/v2\/users\/1"}],"replies":[{"embeddable":true,"href":"https:\/\/studiokobietzukowo.com\/index.php?rest_route=%2Fwp%2Fv2%2Fcomments&post=1054"}],"version-history":[{"count":28,"href":"https:\/\/studiokobietzukowo.com\/index.php?rest_route=\/wp\/v2\/pages\/1054\/revisions"}],"predecessor-version":[{"id":1537,"href":"https:\/\/studiokobietzukowo.com\/index.php?rest_route=\/wp\/v2\/pages\/1054\/revisions\/1537"}],"wp:attachment":[{"href":"https:\/\/studiokobietzukowo.com\/index.php?rest_route=%2Fwp%2Fv2%2Fmedia&parent=1054"}],"curies":[{"name":"wp","href":"https:\/\/api.w.org\/{rel}","templated":true}]}}