{"id":1194,"date":"2022-12-31T12:33:44","date_gmt":"2022-12-31T11:33:44","guid":{"rendered":"http:\/\/studiokobietzukowo.com\/?page_id=1194"},"modified":"2022-12-31T12:35:07","modified_gmt":"2022-12-31T11:35:07","slug":"kontakt","status":"publish","type":"page","link":"https:\/\/studiokobietzukowo.com\/?page_id=1194","title":{"rendered":"Kontakt"},"content":{"rendered":"\t\t<div data-elementor-type=\"wp-page\" data-elementor-id=\"1194\" class=\"elementor elementor-1194\">\n\t\t\t\t\t\t<section class=\"elementor-section elementor-top-section elementor-element elementor-element-6b07315 elementor-section-boxed elementor-section-height-default elementor-section-height-default\" data-id=\"6b07315\" data-element_type=\"section\">\n\t\t\t\t\t\t<div class=\"elementor-container elementor-column-gap-default\">\n\t\t\t\t\t<div class=\"elementor-column elementor-col-100 elementor-top-column elementor-element elementor-element-2947d01\" data-id=\"2947d01\" data-element_type=\"column\">\n\t\t\t<div class=\"elementor-widget-wrap elementor-element-populated\">\n\t\t\t\t\t\t<div class=\"elementor-element elementor-element-1dfddd9 elementor-widget elementor-widget-heading\" data-id=\"1dfddd9\" data-element_type=\"widget\" data-widget_type=\"heading.default\">\n\t\t\t\t<div class=\"elementor-widget-container\">\n\t\t\t\t\t<h2 class=\"elementor-heading-title elementor-size-default\">Formularz kontaktowy<\/h2>\t\t\t\t<\/div>\n\t\t\t\t<\/div>\n\t\t\t\t\t<\/div>\n\t\t<\/div>\n\t\t\t\t\t<\/div>\n\t\t<\/section>\n\t\t\t\t<section class=\"elementor-section elementor-top-section elementor-element elementor-element-d4beda1 elementor-section-boxed elementor-section-height-default elementor-section-height-default\" data-id=\"d4beda1\" data-element_type=\"section\">\n\t\t\t\t\t\t<div class=\"elementor-container elementor-column-gap-default\">\n\t\t\t\t\t<div class=\"elementor-column elementor-col-100 elementor-top-column elementor-element elementor-element-b6a9a9f\" data-id=\"b6a9a9f\" data-element_type=\"column\">\n\t\t\t<div class=\"elementor-widget-wrap elementor-element-populated\">\n\t\t\t\t\t\t<div class=\"elementor-element elementor-element-4d31431 elementor-widget elementor-widget-wpforms\" data-id=\"4d31431\" data-element_type=\"widget\" data-widget_type=\"wpforms.default\">\n\t\t\t\t<div class=\"elementor-widget-container\">\n\t\t\t\t\t<div class=\"wpforms-container \" id=\"wpforms-1190\"><form id=\"wpforms-form-1190\" class=\"wpforms-validate wpforms-form wpforms-ajax-form\" data-formid=\"1190\" method=\"post\" enctype=\"multipart\/form-data\" action=\"\/index.php?rest_route=%2Fwp%2Fv2%2Fpages%2F1194\" data-token=\"5a231cf69ba9249bc72ad417991317e5\"><noscript class=\"wpforms-error-noscript\">Please enable JavaScript in your browser to complete this form.<\/noscript><div class=\"wpforms-field-container\"><div id=\"wpforms-1190-field_1-container\" class=\"wpforms-field wpforms-field-email\" data-field-id=\"1\"><label class=\"wpforms-field-label\" for=\"wpforms-1190-field_1\">Tw\u00f3j email <span class=\"wpforms-required-label\">*<\/span><\/label><input type=\"email\" id=\"wpforms-1190-field_1\" class=\"wpforms-field-medium wpforms-field-required\" name=\"wpforms[fields][1]\" required><\/div><div id=\"wpforms-1190-field_2-container\" class=\"wpforms-field wpforms-field-textarea\" data-field-id=\"2\"><label class=\"wpforms-field-label\" for=\"wpforms-1190-field_2\">Wiadomo\u015b\u0107<\/label><textarea id=\"wpforms-1190-field_2\" class=\"wpforms-field-medium\" name=\"wpforms[fields][2]\" ><\/textarea><\/div><\/div><div class=\"wpforms-submit-container\"><input type=\"hidden\" name=\"wpforms[id]\" value=\"1190\"><input type=\"hidden\" name=\"wpforms[author]\" value=\"1\"><button type=\"submit\" name=\"wpforms[submit]\" id=\"wpforms-submit-1190\" class=\"wpforms-submit\" data-alt-text=\"Wysy\u0142anie...\" data-submit-text=\"Wy\u015blij wiadomo\u015b\u0107 \" aria-live=\"assertive\" value=\"wpforms-submit\">Wy\u015blij wiadomo\u015b\u0107 <\/button><img decoding=\"async\" src=\"https:\/\/studiokobietzukowo.com\/wp-content\/plugins\/wpforms-lite\/assets\/images\/submit-spin.svg\" class=\"wpforms-submit-spinner\" style=\"display: none;\" width=\"26\" height=\"26\" alt=\"Loading\"><\/div><\/form><\/div>  <!-- .wpforms-container -->\t\t\t\t<\/div>\n\t\t\t\t<\/div>\n\t\t\t\t\t<\/div>\n\t\t<\/div>\n\t\t\t\t\t<\/div>\n\t\t<\/section>\n\t\t\t\t<\/div>\n\t\t","protected":false},"excerpt":{"rendered":"<p>Formularz kontaktowy<\/p>\n","protected":false},"author":1,"featured_media":0,"parent":0,"menu_order":0,"comment_status":"closed","ping_status":"closed","template":"","meta":{"site-sidebar-layout":"no-sidebar","site-content-layout":"page-builder","ast-global-header-display":"","ast-main-header-display":"","ast-hfb-above-header-display":"","ast-hfb-below-header-display":"","ast-hfb-mobile-header-display":"","site-post-title":"disabled","ast-breadcrumbs-content":"","ast-featured-img":"disabled","footer-sml-layout":"","theme-transparent-header-meta":"","adv-header-id-meta":"","stick-header-meta":"","header-above-stick-meta":"","header-main-stick-meta":"","header-below-stick-meta":"","footnotes":""},"class_list":["post-1194","page","type-page","status-publish","hentry"],"yoast_head":"<!-- This site is optimized with the Yoast SEO plugin v19.13 - https:\/\/yoast.com\/wordpress\/plugins\/seo\/ -->\n<title>Kontakt - Studio Kobiet \u017bukowo<\/title>\n<meta name=\"robots\" content=\"index, follow, max-snippet:-1, max-image-preview:large, max-video-preview:-1\" \/>\n<link rel=\"canonical\" href=\"http:\/\/studiokobietzukowo.com\/?page_id=1194\" \/>\n<meta property=\"og:locale\" content=\"en_US\" \/>\n<meta property=\"og:type\" content=\"article\" \/>\n<meta property=\"og:title\" content=\"Kontakt - Studio Kobiet \u017bukowo\" \/>\n<meta property=\"og:description\" content=\"Formularz kontaktowy\" \/>\n<meta property=\"og:url\" content=\"http:\/\/studiokobietzukowo.com\/?page_id=1194\" \/>\n<meta property=\"og:site_name\" content=\"Studio Kobiet \u017bukowo\" \/>\n<meta property=\"article:modified_time\" content=\"2022-12-31T11:35:07+00:00\" \/>\n<meta name=\"twitter:card\" content=\"summary_large_image\" \/>\n<meta name=\"twitter:label1\" content=\"Est. reading time\" \/>\n\t<meta name=\"twitter:data1\" content=\"1 minute\" \/>\n<script type=\"application\/ld+json\" class=\"yoast-schema-graph\">{\"@context\":\"https:\/\/schema.org\",\"@graph\":[{\"@type\":\"WebPage\",\"@id\":\"http:\/\/studiokobietzukowo.com\/?page_id=1194\",\"url\":\"http:\/\/studiokobietzukowo.com\/?page_id=1194\",\"name\":\"Kontakt - Studio Kobiet \u017bukowo\",\"isPartOf\":{\"@id\":\"https:\/\/studiokobietzukowo.com\/#website\"},\"datePublished\":\"2022-12-31T11:33:44+00:00\",\"dateModified\":\"2022-12-31T11:35:07+00:00\",\"breadcrumb\":{\"@id\":\"http:\/\/studiokobietzukowo.com\/?page_id=1194#breadcrumb\"},\"inLanguage\":\"en-US\",\"potentialAction\":[{\"@type\":\"ReadAction\",\"target\":[\"http:\/\/studiokobietzukowo.com\/?page_id=1194\"]}]},{\"@type\":\"BreadcrumbList\",\"@id\":\"http:\/\/studiokobietzukowo.com\/?page_id=1194#breadcrumb\",\"itemListElement\":[{\"@type\":\"ListItem\",\"position\":1,\"name\":\"Home\",\"item\":\"https:\/\/studiokobietzukowo.com\/\"},{\"@type\":\"ListItem\",\"position\":2,\"name\":\"Kontakt\"}]},{\"@type\":\"WebSite\",\"@id\":\"https:\/\/studiokobietzukowo.com\/#website\",\"url\":\"https:\/\/studiokobietzukowo.com\/\",\"name\":\"Studio Kobiet \u017bukowo\",\"description\":\"\",\"publisher\":{\"@id\":\"https:\/\/studiokobietzukowo.com\/#organization\"},\"potentialAction\":[{\"@type\":\"SearchAction\",\"target\":{\"@type\":\"EntryPoint\",\"urlTemplate\":\"https:\/\/studiokobietzukowo.com\/?s={search_term_string}\"},\"query-input\":\"required name=search_term_string\"}],\"inLanguage\":\"en-US\"},{\"@type\":\"Organization\",\"@id\":\"https:\/\/studiokobietzukowo.com\/#organization\",\"name\":\"Studio Kobiet \u017bukowo\",\"url\":\"https:\/\/studiokobietzukowo.com\/\",\"logo\":{\"@type\":\"ImageObject\",\"inLanguage\":\"en-US\",\"@id\":\"https:\/\/studiokobietzukowo.com\/#\/schema\/logo\/image\/\",\"url\":\"https:\/\/studiokobietzukowo.com\/wp-content\/uploads\/2022\/12\/cropped-Fotografia-Studio-Facebook-Zdjecie-w-Tle-851\u00d7315-px-8.png\",\"contentUrl\":\"https:\/\/studiokobietzukowo.com\/wp-content\/uploads\/2022\/12\/cropped-Fotografia-Studio-Facebook-Zdjecie-w-Tle-851\u00d7315-px-8.png\",\"width\":171,\"height\":225,\"caption\":\"Studio Kobiet \u017bukowo\"},\"image\":{\"@id\":\"https:\/\/studiokobietzukowo.com\/#\/schema\/logo\/image\/\"}}]}<\/script>\n<!-- \/ Yoast SEO plugin. -->","yoast_head_json":{"title":"Kontakt - Studio Kobiet \u017bukowo","robots":{"index":"index","follow":"follow","max-snippet":"max-snippet:-1","max-image-preview":"max-image-preview:large","max-video-preview":"max-video-preview:-1"},"canonical":"http:\/\/studiokobietzukowo.com\/?page_id=1194","og_locale":"en_US","og_type":"article","og_title":"Kontakt - Studio Kobiet \u017bukowo","og_description":"Formularz kontaktowy","og_url":"http:\/\/studiokobietzukowo.com\/?page_id=1194","og_site_name":"Studio Kobiet \u017bukowo","article_modified_time":"2022-12-31T11:35:07+00:00","twitter_card":"summary_large_image","twitter_misc":{"Est. reading time":"1 minute"},"schema":{"@context":"https:\/\/schema.org","@graph":[{"@type":"WebPage","@id":"http:\/\/studiokobietzukowo.com\/?page_id=1194","url":"http:\/\/studiokobietzukowo.com\/?page_id=1194","name":"Kontakt - Studio Kobiet \u017bukowo","isPartOf":{"@id":"https:\/\/studiokobietzukowo.com\/#website"},"datePublished":"2022-12-31T11:33:44+00:00","dateModified":"2022-12-31T11:35:07+00:00","breadcrumb":{"@id":"http:\/\/studiokobietzukowo.com\/?page_id=1194#breadcrumb"},"inLanguage":"en-US","potentialAction":[{"@type":"ReadAction","target":["http:\/\/studiokobietzukowo.com\/?page_id=1194"]}]},{"@type":"BreadcrumbList","@id":"http:\/\/studiokobietzukowo.com\/?page_id=1194#breadcrumb","itemListElement":[{"@type":"ListItem","position":1,"name":"Home","item":"https:\/\/studiokobietzukowo.com\/"},{"@type":"ListItem","position":2,"name":"Kontakt"}]},{"@type":"WebSite","@id":"https:\/\/studiokobietzukowo.com\/#website","url":"https:\/\/studiokobietzukowo.com\/","name":"Studio Kobiet \u017bukowo","description":"","publisher":{"@id":"https:\/\/studiokobietzukowo.com\/#organization"},"potentialAction":[{"@type":"SearchAction","target":{"@type":"EntryPoint","urlTemplate":"https:\/\/studiokobietzukowo.com\/?s={search_term_string}"},"query-input":"required name=search_term_string"}],"inLanguage":"en-US"},{"@type":"Organization","@id":"https:\/\/studiokobietzukowo.com\/#organization","name":"Studio Kobiet \u017bukowo","url":"https:\/\/studiokobietzukowo.com\/","logo":{"@type":"ImageObject","inLanguage":"en-US","@id":"https:\/\/studiokobietzukowo.com\/#\/schema\/logo\/image\/","url":"https:\/\/studiokobietzukowo.com\/wp-content\/uploads\/2022\/12\/cropped-Fotografia-Studio-Facebook-Zdjecie-w-Tle-851\u00d7315-px-8.png","contentUrl":"https:\/\/studiokobietzukowo.com\/wp-content\/uploads\/2022\/12\/cropped-Fotografia-Studio-Facebook-Zdjecie-w-Tle-851\u00d7315-px-8.png","width":171,"height":225,"caption":"Studio Kobiet \u017bukowo"},"image":{"@id":"https:\/\/studiokobietzukowo.com\/#\/schema\/logo\/image\/"}}]}},"_links":{"self":[{"href":"https:\/\/studiokobietzukowo.com\/index.php?rest_route=\/wp\/v2\/pages\/1194","targetHints":{"allow":["GET"]}}],"collection":[{"href":"https:\/\/studiokobietzukowo.com\/index.php?rest_route=\/wp\/v2\/pages"}],"about":[{"href":"https:\/\/studiokobietzukowo.com\/index.php?rest_route=\/wp\/v2\/types\/page"}],"author":[{"embeddable":true,"href":"https:\/\/studiokobietzukowo.com\/index.php?rest_route=\/wp\/v2\/users\/1"}],"replies":[{"embeddable":true,"href":"https:\/\/studiokobietzukowo.com\/index.php?rest_route=%2Fwp%2Fv2%2Fcomments&post=1194"}],"version-history":[{"count":4,"href":"https:\/\/studiokobietzukowo.com\/index.php?rest_route=\/wp\/v2\/pages\/1194\/revisions"}],"predecessor-version":[{"id":1198,"href":"https:\/\/studiokobietzukowo.com\/index.php?rest_route=\/wp\/v2\/pages\/1194\/revisions\/1198"}],"wp:attachment":[{"href":"https:\/\/studiokobietzukowo.com\/index.php?rest_route=%2Fwp%2Fv2%2Fmedia&parent=1194"}],"curies":[{"name":"wp","href":"https:\/\/api.w.org\/{rel}","templated":true}]}}