{"id":792,"date":"2022-12-22T18:08:19","date_gmt":"2022-12-22T17:08:19","guid":{"rendered":"http:\/\/studiokobietzukowo.com\/?page_id=792"},"modified":"2023-04-19T18:48:55","modified_gmt":"2023-04-19T16:48:55","slug":"zabiegi-na-cialo","status":"publish","type":"page","link":"https:\/\/studiokobietzukowo.com\/?page_id=792","title":{"rendered":"ZABIEGI NA CIA\u0141O"},"content":{"rendered":"\t\t<div data-elementor-type=\"wp-page\" data-elementor-id=\"792\" class=\"elementor elementor-792\">\n\t\t\t\t\t\t<section class=\"elementor-section elementor-top-section elementor-element elementor-element-f62621f elementor-section-boxed elementor-section-height-default elementor-section-height-default\" data-id=\"f62621f\" data-element_type=\"section\">\n\t\t\t\t\t\t<div class=\"elementor-container elementor-column-gap-default\">\n\t\t\t\t\t<div class=\"elementor-column elementor-col-100 elementor-top-column elementor-element elementor-element-b37161e\" data-id=\"b37161e\" data-element_type=\"column\">\n\t\t\t<div class=\"elementor-widget-wrap elementor-element-populated\">\n\t\t\t\t\t\t<div class=\"elementor-element elementor-element-7cbdf7d elementor-widget elementor-widget-heading\" data-id=\"7cbdf7d\" data-element_type=\"widget\" data-widget_type=\"heading.default\">\n\t\t\t\t<div class=\"elementor-widget-container\">\n\t\t\t\t\t<h2 class=\"elementor-heading-title elementor-size-default\">ZABIEGI NA CIA\u0141O<\/h2>\t\t\t\t<\/div>\n\t\t\t\t<\/div>\n\t\t\t\t\t<\/div>\n\t\t<\/div>\n\t\t\t\t\t<\/div>\n\t\t<\/section>\n\t\t\t\t<section class=\"elementor-section elementor-top-section elementor-element elementor-element-4d1d4c0 elementor-section-boxed elementor-section-height-default elementor-section-height-default\" data-id=\"4d1d4c0\" data-element_type=\"section\">\n\t\t\t\t\t\t<div class=\"elementor-container elementor-column-gap-default\">\n\t\t\t\t\t<div class=\"elementor-column elementor-col-100 elementor-top-column elementor-element elementor-element-f183970\" data-id=\"f183970\" data-element_type=\"column\">\n\t\t\t<div class=\"elementor-widget-wrap elementor-element-populated\">\n\t\t\t\t\t\t<div class=\"elementor-element elementor-element-a1ad9b6 elementor-widget elementor-widget-text-editor\" data-id=\"a1ad9b6\" data-element_type=\"widget\" data-widget_type=\"text-editor.default\">\n\t\t\t\t<div class=\"elementor-widget-container\">\n\t\t\t\t\t\t\t\t\t<p style=\"text-align: center;\">Studio Kobiet \u017bukowo to jedyny gabinet w gminie \u017bukowo i okolicach, kt\u00f3ry posiada unikaln\u0105 technologi\u0119 na \u015bwiecie <strong>ICOONE<\/strong>. To ulubiony zabieg gwiazd i celebrytek, poniewa\u017c technologia urz\u0105dzenia oparta jest o <strong>mi\u0119dzynarodowy patent Roboderm<\/strong>, co jest gwarancj\u0105 precyzyjnego modelowanie sylwetki i skutecznego odchudzania. R\u00f3wnie wspania\u0142ym zabiegiem w walce z cellulitem i oty\u0142o\u015bci\u0105 jest \u015bwiatowy lider <strong>ENDERMOLOGIA LPG<\/strong>, kt\u00f3ry pokocha\u0142y nasze klientki i ju\u017c od lat ciesz\u0105 si\u0119 wspania\u0142ymi efektami. Dla os\u00f3b, kt\u00f3rym zale\u017cy na pozbyciu si\u0119 nadmiaru tkanki t\u0142uszczowej oferujemy <strong>LIPOSUKCJA KAWITACYJNA<\/strong>, czyli inaczej liposukcja bez skalpela. Zastosowana w tym urz\u0105dzeniu technologia to ultrad\u017awi\u0119ki, natomiast dla os\u00f3b, kt\u00f3re chc\u0105 pozby\u0107 si\u0119 nadmiaru tkanki t\u0142uszczowej w bardzo szybkim czasie mamy medyczne urz\u0105dzenie <strong>MED CONTOUR<\/strong>, kt\u00f3ry zmniejsza obwody od kilku do kilkunastu centymetr\u00f3w zaraz po zabiegu. W swojej ofercie mamy r\u00f3wnie\u017c niezast\u0105pione urz\u0105dzenie <strong>KRIOLIPOLIZ\u0118<\/strong> stosowan\u0105 w przypadku os\u00f3b chc\u0105cych pozby\u0107 si\u0119 miejscowej tkanki t\u0142uszczowej, czyli wymra\u017cania i trwa\u0142ego jej usuni\u0119cia. Silne uj\u0119drnienie i poprawa napi\u0119cia wiotkiej sk\u00f3ry to tak\u017ce efekt zabiegu wykonanego z u\u017cyciem systemu <strong>FAL RADIOWYCH RF<\/strong>. Strefa zabiegowa w Studio Kobiet \u017bukowo dzia\u0142a kompleksowo, dlatego opr\u00f3cz zabieg\u00f3w pozwalaj\u0105cych na skuteczne odchudzanie, mamy szerok\u0105 ofert\u0119 zabieg\u00f3w na sk\u00f3r\u0119 twarzy niezale\u017cnie od wieku i r\u00f3\u017cnorodnych problem\u00f3w. W zabiegach na twarz wykorzystujemy najnowsze technologie takie jak <strong>RADIORFEKWENCJA MIKROIG\u0141OWA<\/strong>, wykorzystuj\u0105ca dwie technologie jednocze\u015bnie: nak\u0142uwanie i podgrzewanie, wywo\u0142uj\u0105c tym samym przebudow\u0105 sk\u00f3ry i silne poj\u0119drnienie.&nbsp;<\/p>\t\t\t\t\t\t\t\t<\/div>\n\t\t\t\t<\/div>\n\t\t\t\t<section class=\"elementor-section elementor-inner-section elementor-element elementor-element-ed7bdc6 elementor-section-content-middle elementor-section-boxed elementor-section-height-default elementor-section-height-default\" data-id=\"ed7bdc6\" data-element_type=\"section\">\n\t\t\t\t\t\t<div class=\"elementor-container elementor-column-gap-default\">\n\t\t\t\t\t<div class=\"elementor-column elementor-col-33 elementor-inner-column elementor-element elementor-element-f76e834\" data-id=\"f76e834\" data-element_type=\"column\" data-settings=\"{&quot;background_background&quot;:&quot;classic&quot;}\">\n\t\t\t<div class=\"elementor-widget-wrap elementor-element-populated\">\n\t\t\t\t\t<div class=\"elementor-background-overlay\"><\/div>\n\t\t\t\t\t\t<div class=\"elementor-element elementor-element-565f70d elementor-widget elementor-widget-heading\" data-id=\"565f70d\" data-element_type=\"widget\" data-widget_type=\"heading.default\">\n\t\t\t\t<div class=\"elementor-widget-container\">\n\t\t\t\t\t<h3 class=\"elementor-heading-title elementor-size-default\"><a href=\"http:\/\/studiokobietzukowo.com\/?page_id=982\">ENDERMOLOGIA LPG<\/a><\/h3>\t\t\t\t<\/div>\n\t\t\t\t<\/div>\n\t\t\t\t\t<\/div>\n\t\t<\/div>\n\t\t\t\t<div class=\"elementor-column elementor-col-33 elementor-inner-column elementor-element elementor-element-b6130a3\" data-id=\"b6130a3\" data-element_type=\"column\" data-settings=\"{&quot;background_background&quot;:&quot;classic&quot;}\">\n\t\t\t<div class=\"elementor-widget-wrap elementor-element-populated\">\n\t\t\t\t\t<div class=\"elementor-background-overlay\"><\/div>\n\t\t\t\t\t\t<div class=\"elementor-element elementor-element-fa9ed34 elementor-widget elementor-widget-heading\" data-id=\"fa9ed34\" data-element_type=\"widget\" data-widget_type=\"heading.default\">\n\t\t\t\t<div class=\"elementor-widget-container\">\n\t\t\t\t\t<h3 class=\"elementor-heading-title elementor-size-default\"><a href=\"http:\/\/studiokobietzukowo.com\/?page_id=892\">ICOONE<\/a><\/h3>\t\t\t\t<\/div>\n\t\t\t\t<\/div>\n\t\t\t\t\t<\/div>\n\t\t<\/div>\n\t\t\t\t<div class=\"elementor-column elementor-col-33 elementor-inner-column elementor-element elementor-element-03cf25f\" data-id=\"03cf25f\" data-element_type=\"column\" data-settings=\"{&quot;background_background&quot;:&quot;classic&quot;}\">\n\t\t\t<div class=\"elementor-widget-wrap elementor-element-populated\">\n\t\t\t\t\t<div class=\"elementor-background-overlay\"><\/div>\n\t\t\t\t\t\t<div class=\"elementor-element elementor-element-30b6c4c elementor-widget elementor-widget-heading\" data-id=\"30b6c4c\" data-element_type=\"widget\" data-widget_type=\"heading.default\">\n\t\t\t\t<div class=\"elementor-widget-container\">\n\t\t\t\t\t<h3 class=\"elementor-heading-title elementor-size-default\"><a href=\"http:\/\/studiokobietzukowo.com\/?page_id=867\">KRIOLIPOLIZA PADOWA<\/a><\/h3>\t\t\t\t<\/div>\n\t\t\t\t<\/div>\n\t\t\t\t\t<\/div>\n\t\t<\/div>\n\t\t\t\t\t<\/div>\n\t\t<\/section>\n\t\t\t\t\t<\/div>\n\t\t<\/div>\n\t\t\t\t\t<\/div>\n\t\t<\/section>\n\t\t\t\t<section class=\"elementor-section elementor-inner-section elementor-element elementor-element-78137d7 elementor-section-content-middle elementor-section-boxed elementor-section-height-default elementor-section-height-default\" data-id=\"78137d7\" data-element_type=\"section\">\n\t\t\t\t\t\t<div class=\"elementor-container elementor-column-gap-default\">\n\t\t\t\t\t<div class=\"elementor-column elementor-col-33 elementor-inner-column elementor-element elementor-element-cf79eaf\" data-id=\"cf79eaf\" data-element_type=\"column\" data-settings=\"{&quot;background_background&quot;:&quot;classic&quot;}\">\n\t\t\t<div class=\"elementor-widget-wrap elementor-element-populated\">\n\t\t\t\t\t<div class=\"elementor-background-overlay\"><\/div>\n\t\t\t\t\t\t<div class=\"elementor-element elementor-element-6b3ce5b elementor-widget elementor-widget-heading\" data-id=\"6b3ce5b\" data-element_type=\"widget\" data-widget_type=\"heading.default\">\n\t\t\t\t<div class=\"elementor-widget-container\">\n\t\t\t\t\t<h3 class=\"elementor-heading-title elementor-size-default\"><a href=\"http:\/\/studiokobietzukowo.com\/?page_id=818\">FALA RADIOWA RF<\/a><\/h3>\t\t\t\t<\/div>\n\t\t\t\t<\/div>\n\t\t\t\t\t<\/div>\n\t\t<\/div>\n\t\t\t\t<div class=\"elementor-column elementor-col-33 elementor-inner-column elementor-element elementor-element-9df3d1a\" data-id=\"9df3d1a\" data-element_type=\"column\" data-settings=\"{&quot;background_background&quot;:&quot;classic&quot;}\">\n\t\t\t<div class=\"elementor-widget-wrap elementor-element-populated\">\n\t\t\t\t\t<div class=\"elementor-background-overlay\"><\/div>\n\t\t\t\t\t\t<div class=\"elementor-element elementor-element-c801515 elementor-widget elementor-widget-heading\" data-id=\"c801515\" data-element_type=\"widget\" data-widget_type=\"heading.default\">\n\t\t\t\t<div class=\"elementor-widget-container\">\n\t\t\t\t\t<h3 class=\"elementor-heading-title elementor-size-default\"><a href=\"http:\/\/studiokobietzukowo.com\/?page_id=931\">MED CONTOUR<\/a><\/h3>\t\t\t\t<\/div>\n\t\t\t\t<\/div>\n\t\t\t\t\t<\/div>\n\t\t<\/div>\n\t\t\t\t<div class=\"elementor-column elementor-col-33 elementor-inner-column elementor-element elementor-element-ae13efe\" data-id=\"ae13efe\" data-element_type=\"column\" data-settings=\"{&quot;background_background&quot;:&quot;classic&quot;}\">\n\t\t\t<div class=\"elementor-widget-wrap elementor-element-populated\">\n\t\t\t\t\t<div class=\"elementor-background-overlay\"><\/div>\n\t\t\t\t\t\t<div class=\"elementor-element elementor-element-5130d5e elementor-widget elementor-widget-heading\" data-id=\"5130d5e\" data-element_type=\"widget\" data-widget_type=\"heading.default\">\n\t\t\t\t<div class=\"elementor-widget-container\">\n\t\t\t\t\t<h3 class=\"elementor-heading-title elementor-size-default\"><a href=\"http:\/\/studiokobietzukowo.com\/?page_id=846\">DEPILACJA VECTUS<\/a><\/h3>\t\t\t\t<\/div>\n\t\t\t\t<\/div>\n\t\t\t\t\t<\/div>\n\t\t<\/div>\n\t\t\t\t\t<\/div>\n\t\t<\/section>\n\t\t\t\t<section class=\"elementor-section elementor-top-section elementor-element elementor-element-0ef9a6d elementor-section-boxed elementor-section-height-default elementor-section-height-default\" data-id=\"0ef9a6d\" data-element_type=\"section\">\n\t\t\t\t\t\t<div class=\"elementor-container elementor-column-gap-default\">\n\t\t\t\t\t<div class=\"elementor-column elementor-col-100 elementor-top-column elementor-element elementor-element-1ac3d47\" data-id=\"1ac3d47\" data-element_type=\"column\">\n\t\t\t<div class=\"elementor-widget-wrap\">\n\t\t\t\t\t\t\t<\/div>\n\t\t<\/div>\n\t\t\t\t\t<\/div>\n\t\t<\/section>\n\t\t\t\t<\/div>\n\t\t","protected":false},"excerpt":{"rendered":"<p>ZABIEGI NA CIA\u0141O Studio Kobiet \u017bukowo to jedyny gabinet w gminie \u017bukowo i okolicach, kt\u00f3ry posiada unikaln\u0105 technologi\u0119 na \u015bwiecie ICOONE. To ulubiony zabieg gwiazd i celebrytek, poniewa\u017c technologia urz\u0105dzenia oparta jest o mi\u0119dzynarodowy patent Roboderm, co jest gwarancj\u0105 precyzyjnego modelowanie sylwetki i skutecznego odchudzania. R\u00f3wnie wspania\u0142ym zabiegiem w walce z cellulitem i oty\u0142o\u015bci\u0105 jest &hellip;<\/p>\n<p class=\"read-more\"> <a class=\"\" href=\"https:\/\/studiokobietzukowo.com\/?page_id=792\"> <span class=\"screen-reader-text\">ZABIEGI NA CIA\u0141O<\/span> Read More &raquo;<\/a><\/p>\n","protected":false},"author":1,"featured_media":0,"parent":788,"menu_order":0,"comment_status":"closed","ping_status":"closed","template":"","meta":{"site-sidebar-layout":"no-sidebar","site-content-layout":"page-builder","ast-global-header-display":"","ast-main-header-display":"","ast-hfb-above-header-display":"","ast-hfb-below-header-display":"","ast-hfb-mobile-header-display":"","site-post-title":"disabled","ast-breadcrumbs-content":"","ast-featured-img":"disabled","footer-sml-layout":"","theme-transparent-header-meta":"","adv-header-id-meta":"","stick-header-meta":"","header-above-stick-meta":"","header-main-stick-meta":"","header-below-stick-meta":"","footnotes":""},"class_list":["post-792","page","type-page","status-publish","hentry"],"yoast_head":"<!-- This site is optimized with the Yoast SEO plugin v19.13 - https:\/\/yoast.com\/wordpress\/plugins\/seo\/ -->\n<title>ZABIEGI NA CIA\u0141O - Studio Kobiet \u017bukowo<\/title>\n<meta name=\"robots\" content=\"index, follow, max-snippet:-1, max-image-preview:large, max-video-preview:-1\" \/>\n<link rel=\"canonical\" href=\"https:\/\/studiokobietzukowo.com\/?page_id=792\" \/>\n<meta property=\"og:locale\" content=\"en_US\" \/>\n<meta property=\"og:type\" content=\"article\" \/>\n<meta property=\"og:title\" content=\"ZABIEGI NA CIA\u0141O - Studio Kobiet \u017bukowo\" \/>\n<meta property=\"og:description\" content=\"ZABIEGI NA CIA\u0141O Studio Kobiet \u017bukowo to jedyny gabinet w gminie \u017bukowo i okolicach, kt\u00f3ry posiada unikaln\u0105 technologi\u0119 na \u015bwiecie ICOONE. To ulubiony zabieg gwiazd i celebrytek, poniewa\u017c technologia urz\u0105dzenia oparta jest o mi\u0119dzynarodowy patent Roboderm, co jest gwarancj\u0105 precyzyjnego modelowanie sylwetki i skutecznego odchudzania. R\u00f3wnie wspania\u0142ym zabiegiem w walce z cellulitem i oty\u0142o\u015bci\u0105 jest &hellip; ZABIEGI NA CIA\u0141O Read More &raquo;\" \/>\n<meta property=\"og:url\" content=\"https:\/\/studiokobietzukowo.com\/?page_id=792\" \/>\n<meta property=\"og:site_name\" content=\"Studio Kobiet \u017bukowo\" \/>\n<meta property=\"article:modified_time\" content=\"2023-04-19T16:48:55+00:00\" \/>\n<meta name=\"twitter:card\" content=\"summary_large_image\" \/>\n<meta name=\"twitter:label1\" content=\"Est. reading time\" \/>\n\t<meta name=\"twitter:data1\" content=\"2 minutes\" \/>\n<script type=\"application\/ld+json\" class=\"yoast-schema-graph\">{\"@context\":\"https:\/\/schema.org\",\"@graph\":[{\"@type\":\"WebPage\",\"@id\":\"https:\/\/studiokobietzukowo.com\/?page_id=792\",\"url\":\"https:\/\/studiokobietzukowo.com\/?page_id=792\",\"name\":\"ZABIEGI NA CIA\u0141O - Studio Kobiet \u017bukowo\",\"isPartOf\":{\"@id\":\"https:\/\/studiokobietzukowo.com\/#website\"},\"datePublished\":\"2022-12-22T17:08:19+00:00\",\"dateModified\":\"2023-04-19T16:48:55+00:00\",\"breadcrumb\":{\"@id\":\"https:\/\/studiokobietzukowo.com\/?page_id=792#breadcrumb\"},\"inLanguage\":\"en-US\",\"potentialAction\":[{\"@type\":\"ReadAction\",\"target\":[\"https:\/\/studiokobietzukowo.com\/?page_id=792\"]}]},{\"@type\":\"BreadcrumbList\",\"@id\":\"https:\/\/studiokobietzukowo.com\/?page_id=792#breadcrumb\",\"itemListElement\":[{\"@type\":\"ListItem\",\"position\":1,\"name\":\"Home\",\"item\":\"https:\/\/studiokobietzukowo.com\/\"},{\"@type\":\"ListItem\",\"position\":2,\"name\":\"Strefa zabiegowa\",\"item\":\"https:\/\/studiokobietzukowo.com\/?page_id=788\"},{\"@type\":\"ListItem\",\"position\":3,\"name\":\"ZABIEGI NA CIA\u0141O\"}]},{\"@type\":\"WebSite\",\"@id\":\"https:\/\/studiokobietzukowo.com\/#website\",\"url\":\"https:\/\/studiokobietzukowo.com\/\",\"name\":\"Studio Kobiet \u017bukowo\",\"description\":\"\",\"publisher\":{\"@id\":\"https:\/\/studiokobietzukowo.com\/#organization\"},\"potentialAction\":[{\"@type\":\"SearchAction\",\"target\":{\"@type\":\"EntryPoint\",\"urlTemplate\":\"https:\/\/studiokobietzukowo.com\/?s={search_term_string}\"},\"query-input\":\"required name=search_term_string\"}],\"inLanguage\":\"en-US\"},{\"@type\":\"Organization\",\"@id\":\"https:\/\/studiokobietzukowo.com\/#organization\",\"name\":\"Studio Kobiet \u017bukowo\",\"url\":\"https:\/\/studiokobietzukowo.com\/\",\"logo\":{\"@type\":\"ImageObject\",\"inLanguage\":\"en-US\",\"@id\":\"https:\/\/studiokobietzukowo.com\/#\/schema\/logo\/image\/\",\"url\":\"https:\/\/studiokobietzukowo.com\/wp-content\/uploads\/2022\/12\/cropped-Fotografia-Studio-Facebook-Zdjecie-w-Tle-851\u00d7315-px-8.png\",\"contentUrl\":\"https:\/\/studiokobietzukowo.com\/wp-content\/uploads\/2022\/12\/cropped-Fotografia-Studio-Facebook-Zdjecie-w-Tle-851\u00d7315-px-8.png\",\"width\":171,\"height\":225,\"caption\":\"Studio Kobiet \u017bukowo\"},\"image\":{\"@id\":\"https:\/\/studiokobietzukowo.com\/#\/schema\/logo\/image\/\"}}]}<\/script>\n<!-- \/ Yoast SEO plugin. -->","yoast_head_json":{"title":"ZABIEGI NA CIA\u0141O - Studio Kobiet \u017bukowo","robots":{"index":"index","follow":"follow","max-snippet":"max-snippet:-1","max-image-preview":"max-image-preview:large","max-video-preview":"max-video-preview:-1"},"canonical":"https:\/\/studiokobietzukowo.com\/?page_id=792","og_locale":"en_US","og_type":"article","og_title":"ZABIEGI NA CIA\u0141O - Studio Kobiet \u017bukowo","og_description":"ZABIEGI NA CIA\u0141O Studio Kobiet \u017bukowo to jedyny gabinet w gminie \u017bukowo i okolicach, kt\u00f3ry posiada unikaln\u0105 technologi\u0119 na \u015bwiecie ICOONE. To ulubiony zabieg gwiazd i celebrytek, poniewa\u017c technologia urz\u0105dzenia oparta jest o mi\u0119dzynarodowy patent Roboderm, co jest gwarancj\u0105 precyzyjnego modelowanie sylwetki i skutecznego odchudzania. R\u00f3wnie wspania\u0142ym zabiegiem w walce z cellulitem i oty\u0142o\u015bci\u0105 jest &hellip; ZABIEGI NA CIA\u0141O Read More &raquo;","og_url":"https:\/\/studiokobietzukowo.com\/?page_id=792","og_site_name":"Studio Kobiet \u017bukowo","article_modified_time":"2023-04-19T16:48:55+00:00","twitter_card":"summary_large_image","twitter_misc":{"Est. reading time":"2 minutes"},"schema":{"@context":"https:\/\/schema.org","@graph":[{"@type":"WebPage","@id":"https:\/\/studiokobietzukowo.com\/?page_id=792","url":"https:\/\/studiokobietzukowo.com\/?page_id=792","name":"ZABIEGI NA CIA\u0141O - Studio Kobiet \u017bukowo","isPartOf":{"@id":"https:\/\/studiokobietzukowo.com\/#website"},"datePublished":"2022-12-22T17:08:19+00:00","dateModified":"2023-04-19T16:48:55+00:00","breadcrumb":{"@id":"https:\/\/studiokobietzukowo.com\/?page_id=792#breadcrumb"},"inLanguage":"en-US","potentialAction":[{"@type":"ReadAction","target":["https:\/\/studiokobietzukowo.com\/?page_id=792"]}]},{"@type":"BreadcrumbList","@id":"https:\/\/studiokobietzukowo.com\/?page_id=792#breadcrumb","itemListElement":[{"@type":"ListItem","position":1,"name":"Home","item":"https:\/\/studiokobietzukowo.com\/"},{"@type":"ListItem","position":2,"name":"Strefa zabiegowa","item":"https:\/\/studiokobietzukowo.com\/?page_id=788"},{"@type":"ListItem","position":3,"name":"ZABIEGI NA CIA\u0141O"}]},{"@type":"WebSite","@id":"https:\/\/studiokobietzukowo.com\/#website","url":"https:\/\/studiokobietzukowo.com\/","name":"Studio Kobiet \u017bukowo","description":"","publisher":{"@id":"https:\/\/studiokobietzukowo.com\/#organization"},"potentialAction":[{"@type":"SearchAction","target":{"@type":"EntryPoint","urlTemplate":"https:\/\/studiokobietzukowo.com\/?s={search_term_string}"},"query-input":"required name=search_term_string"}],"inLanguage":"en-US"},{"@type":"Organization","@id":"https:\/\/studiokobietzukowo.com\/#organization","name":"Studio Kobiet \u017bukowo","url":"https:\/\/studiokobietzukowo.com\/","logo":{"@type":"ImageObject","inLanguage":"en-US","@id":"https:\/\/studiokobietzukowo.com\/#\/schema\/logo\/image\/","url":"https:\/\/studiokobietzukowo.com\/wp-content\/uploads\/2022\/12\/cropped-Fotografia-Studio-Facebook-Zdjecie-w-Tle-851\u00d7315-px-8.png","contentUrl":"https:\/\/studiokobietzukowo.com\/wp-content\/uploads\/2022\/12\/cropped-Fotografia-Studio-Facebook-Zdjecie-w-Tle-851\u00d7315-px-8.png","width":171,"height":225,"caption":"Studio Kobiet \u017bukowo"},"image":{"@id":"https:\/\/studiokobietzukowo.com\/#\/schema\/logo\/image\/"}}]}},"_links":{"self":[{"href":"https:\/\/studiokobietzukowo.com\/index.php?rest_route=\/wp\/v2\/pages\/792","targetHints":{"allow":["GET"]}}],"collection":[{"href":"https:\/\/studiokobietzukowo.com\/index.php?rest_route=\/wp\/v2\/pages"}],"about":[{"href":"https:\/\/studiokobietzukowo.com\/index.php?rest_route=\/wp\/v2\/types\/page"}],"author":[{"embeddable":true,"href":"https:\/\/studiokobietzukowo.com\/index.php?rest_route=\/wp\/v2\/users\/1"}],"replies":[{"embeddable":true,"href":"https:\/\/studiokobietzukowo.com\/index.php?rest_route=%2Fwp%2Fv2%2Fcomments&post=792"}],"version-history":[{"count":38,"href":"https:\/\/studiokobietzukowo.com\/index.php?rest_route=\/wp\/v2\/pages\/792\/revisions"}],"predecessor-version":[{"id":1551,"href":"https:\/\/studiokobietzukowo.com\/index.php?rest_route=\/wp\/v2\/pages\/792\/revisions\/1551"}],"up":[{"embeddable":true,"href":"https:\/\/studiokobietzukowo.com\/index.php?rest_route=\/wp\/v2\/pages\/788"}],"wp:attachment":[{"href":"https:\/\/studiokobietzukowo.com\/index.php?rest_route=%2Fwp%2Fv2%2Fmedia&parent=792"}],"curies":[{"name":"wp","href":"https:\/\/api.w.org\/{rel}","templated":true}]}}