{"id":818,"date":"2022-12-29T08:12:02","date_gmt":"2022-12-29T07:12:02","guid":{"rendered":"http:\/\/studiokobietzukowo.com\/?page_id=818"},"modified":"2022-12-29T11:31:17","modified_gmt":"2022-12-29T10:31:17","slug":"fala-radiowa-rf","status":"publish","type":"page","link":"https:\/\/studiokobietzukowo.com\/?page_id=818","title":{"rendered":"fala radiowa rf"},"content":{"rendered":"\t\t<div data-elementor-type=\"wp-page\" data-elementor-id=\"818\" class=\"elementor elementor-818\">\n\t\t\t\t\t\t<section class=\"elementor-section elementor-top-section elementor-element elementor-element-60ab93f2 elementor-section-boxed elementor-section-height-default elementor-section-height-default\" data-id=\"60ab93f2\" data-element_type=\"section\">\n\t\t\t\t\t\t<div class=\"elementor-container elementor-column-gap-default\">\n\t\t\t\t\t<div class=\"elementor-column elementor-col-50 elementor-top-column elementor-element elementor-element-7571c19a\" data-id=\"7571c19a\" data-element_type=\"column\">\n\t\t\t<div class=\"elementor-widget-wrap elementor-element-populated\">\n\t\t\t\t\t\t<div class=\"elementor-element elementor-element-70785877 elementor-widget elementor-widget-image\" data-id=\"70785877\" data-element_type=\"widget\" data-widget_type=\"image.default\">\n\t\t\t\t<div class=\"elementor-widget-container\">\n\t\t\t\t\t\t\t\t\t\t\t\t\t\t\t<img fetchpriority=\"high\" decoding=\"async\" width=\"1024\" height=\"768\" src=\"https:\/\/studiokobietzukowo.com\/wp-content\/uploads\/2022\/12\/FALA-RADIOWA-RF-1024x768.jpg\" class=\"attachment-large size-large wp-image-808\" alt=\"\" srcset=\"https:\/\/studiokobietzukowo.com\/wp-content\/uploads\/2022\/12\/FALA-RADIOWA-RF-1024x768.jpg 1024w, https:\/\/studiokobietzukowo.com\/wp-content\/uploads\/2022\/12\/FALA-RADIOWA-RF-300x225.jpg 300w, https:\/\/studiokobietzukowo.com\/wp-content\/uploads\/2022\/12\/FALA-RADIOWA-RF-768x576.jpg 768w, https:\/\/studiokobietzukowo.com\/wp-content\/uploads\/2022\/12\/FALA-RADIOWA-RF-1536x1152.jpg 1536w, https:\/\/studiokobietzukowo.com\/wp-content\/uploads\/2022\/12\/FALA-RADIOWA-RF-2048x1536.jpg 2048w\" sizes=\"(max-width: 1024px) 100vw, 1024px\" \/>\t\t\t\t\t\t\t\t\t\t\t\t\t\t\t<\/div>\n\t\t\t\t<\/div>\n\t\t\t\t<div class=\"elementor-element elementor-element-f6408e0 elementor-widget elementor-widget-heading\" data-id=\"f6408e0\" data-element_type=\"widget\" data-widget_type=\"heading.default\">\n\t\t\t\t<div class=\"elementor-widget-container\">\n\t\t\t\t\t<h2 class=\"elementor-heading-title elementor-size-default\">Efekty<\/h2>\t\t\t\t<\/div>\n\t\t\t\t<\/div>\n\t\t\t\t<div class=\"elementor-element elementor-element-0cb4cd4 elementor-widget elementor-widget-image-gallery\" data-id=\"0cb4cd4\" data-element_type=\"widget\" data-widget_type=\"image-gallery.default\">\n\t\t\t\t<div class=\"elementor-widget-container\">\n\t\t\t\t\t\t\t<div class=\"elementor-image-gallery\">\n\t\t\t<div id='gallery-1' class='gallery galleryid-818 gallery-columns-3 gallery-size-medium'><figure class='gallery-item'>\n\t\t\t<div class='gallery-icon landscape'>\n\t\t\t\t<a data-elementor-open-lightbox=\"yes\" data-elementor-lightbox-slideshow=\"0cb4cd4\" data-elementor-lightbox-title=\"FALA RADIOWA EFEKT 3\" data-e-action-hash=\"#elementor-action%3Aaction%3Dlightbox%26settings%3DeyJpZCI6ODMwLCJ1cmwiOiJodHRwczpcL1wvc3R1ZGlva29iaWV0enVrb3dvLmNvbVwvd3AtY29udGVudFwvdXBsb2Fkc1wvMjAyMlwvMTJcL0ZBTEEtUkFESU9XQS1FRkVLVC0zLnBuZyIsInNsaWRlc2hvdyI6IjBjYjRjZDQifQ%3D%3D\" href='https:\/\/studiokobietzukowo.com\/wp-content\/uploads\/2022\/12\/FALA-RADIOWA-EFEKT-3.png'><img decoding=\"async\" width=\"300\" height=\"251\" src=\"https:\/\/studiokobietzukowo.com\/wp-content\/uploads\/2022\/12\/FALA-RADIOWA-EFEKT-3-300x251.png\" class=\"attachment-medium size-medium\" alt=\"\" srcset=\"https:\/\/studiokobietzukowo.com\/wp-content\/uploads\/2022\/12\/FALA-RADIOWA-EFEKT-3-300x251.png 300w, https:\/\/studiokobietzukowo.com\/wp-content\/uploads\/2022\/12\/FALA-RADIOWA-EFEKT-3-768x644.png 768w, https:\/\/studiokobietzukowo.com\/wp-content\/uploads\/2022\/12\/FALA-RADIOWA-EFEKT-3.png 940w\" sizes=\"(max-width: 300px) 100vw, 300px\" \/><\/a>\n\t\t\t<\/div><\/figure><figure class='gallery-item'>\n\t\t\t<div class='gallery-icon landscape'>\n\t\t\t\t<a data-elementor-open-lightbox=\"yes\" data-elementor-lightbox-slideshow=\"0cb4cd4\" data-elementor-lightbox-title=\"FALA RADIOWA EFEKT 2\" data-e-action-hash=\"#elementor-action%3Aaction%3Dlightbox%26settings%3DeyJpZCI6ODMxLCJ1cmwiOiJodHRwczpcL1wvc3R1ZGlva29iaWV0enVrb3dvLmNvbVwvd3AtY29udGVudFwvdXBsb2Fkc1wvMjAyMlwvMTJcL0ZBTEEtUkFESU9XQS1FRkVLVC0yLnBuZyIsInNsaWRlc2hvdyI6IjBjYjRjZDQifQ%3D%3D\" href='https:\/\/studiokobietzukowo.com\/wp-content\/uploads\/2022\/12\/FALA-RADIOWA-EFEKT-2.png'><img decoding=\"async\" width=\"300\" height=\"251\" src=\"https:\/\/studiokobietzukowo.com\/wp-content\/uploads\/2022\/12\/FALA-RADIOWA-EFEKT-2-300x251.png\" class=\"attachment-medium size-medium\" alt=\"\" srcset=\"https:\/\/studiokobietzukowo.com\/wp-content\/uploads\/2022\/12\/FALA-RADIOWA-EFEKT-2-300x251.png 300w, https:\/\/studiokobietzukowo.com\/wp-content\/uploads\/2022\/12\/FALA-RADIOWA-EFEKT-2-768x644.png 768w, https:\/\/studiokobietzukowo.com\/wp-content\/uploads\/2022\/12\/FALA-RADIOWA-EFEKT-2.png 940w\" sizes=\"(max-width: 300px) 100vw, 300px\" \/><\/a>\n\t\t\t<\/div><\/figure><figure class='gallery-item'>\n\t\t\t<div class='gallery-icon landscape'>\n\t\t\t\t<a data-elementor-open-lightbox=\"yes\" data-elementor-lightbox-slideshow=\"0cb4cd4\" data-elementor-lightbox-title=\"FALA RADIOWA EFEKT 1\" data-e-action-hash=\"#elementor-action%3Aaction%3Dlightbox%26settings%3DeyJpZCI6ODMyLCJ1cmwiOiJodHRwczpcL1wvc3R1ZGlva29iaWV0enVrb3dvLmNvbVwvd3AtY29udGVudFwvdXBsb2Fkc1wvMjAyMlwvMTJcL0ZBTEEtUkFESU9XQS1FRkVLVC0xLnBuZyIsInNsaWRlc2hvdyI6IjBjYjRjZDQifQ%3D%3D\" href='https:\/\/studiokobietzukowo.com\/wp-content\/uploads\/2022\/12\/FALA-RADIOWA-EFEKT-1.png'><img loading=\"lazy\" decoding=\"async\" width=\"300\" height=\"251\" src=\"https:\/\/studiokobietzukowo.com\/wp-content\/uploads\/2022\/12\/FALA-RADIOWA-EFEKT-1-300x251.png\" class=\"attachment-medium size-medium\" alt=\"\" srcset=\"https:\/\/studiokobietzukowo.com\/wp-content\/uploads\/2022\/12\/FALA-RADIOWA-EFEKT-1-300x251.png 300w, https:\/\/studiokobietzukowo.com\/wp-content\/uploads\/2022\/12\/FALA-RADIOWA-EFEKT-1-768x644.png 768w, https:\/\/studiokobietzukowo.com\/wp-content\/uploads\/2022\/12\/FALA-RADIOWA-EFEKT-1.png 940w\" sizes=\"(max-width: 300px) 100vw, 300px\" \/><\/a>\n\t\t\t<\/div><\/figure>\n\t\t<\/div>\n\t\t<\/div>\n\t\t\t\t\t\t<\/div>\n\t\t\t\t<\/div>\n\t\t\t\t<div class=\"elementor-element elementor-element-2d3decd6 elementor-align-center elementor-widget elementor-widget-button\" data-id=\"2d3decd6\" data-element_type=\"widget\" data-widget_type=\"button.default\">\n\t\t\t\t<div class=\"elementor-widget-container\">\n\t\t\t\t\t\t\t\t\t<div class=\"elementor-button-wrapper\">\n\t\t\t\t\t<a class=\"elementor-button elementor-button-link elementor-size-sm\" href=\"http:\/\/studiokobietzukowo.com\/?page_id=988\">\n\t\t\t\t\t\t<span class=\"elementor-button-content-wrapper\">\n\t\t\t\t\t\t\t\t\t<span class=\"elementor-button-text\">Zapisz si\u0119 na zabieg<\/span>\n\t\t\t\t\t<\/span>\n\t\t\t\t\t<\/a>\n\t\t\t\t<\/div>\n\t\t\t\t\t\t\t\t<\/div>\n\t\t\t\t<\/div>\n\t\t\t\t<div class=\"elementor-element elementor-element-b2e0a31 elementor-align-center elementor-widget elementor-widget-button\" data-id=\"b2e0a31\" data-element_type=\"widget\" data-widget_type=\"button.default\">\n\t\t\t\t<div class=\"elementor-widget-container\">\n\t\t\t\t\t\t\t\t\t<div class=\"elementor-button-wrapper\">\n\t\t\t\t\t<a class=\"elementor-button elementor-button-link elementor-size-sm\" href=\"http:\/\/studiokobietzukowo.com\/?page_id=792\">\n\t\t\t\t\t\t<span class=\"elementor-button-content-wrapper\">\n\t\t\t\t\t\t\t\t\t<span class=\"elementor-button-text\">Powr\u00f3t do innych zabieg\u00f3w<\/span>\n\t\t\t\t\t<\/span>\n\t\t\t\t\t<\/a>\n\t\t\t\t<\/div>\n\t\t\t\t\t\t\t\t<\/div>\n\t\t\t\t<\/div>\n\t\t\t\t\t<\/div>\n\t\t<\/div>\n\t\t\t\t<div class=\"elementor-column elementor-col-50 elementor-top-column elementor-element elementor-element-5f879fda\" data-id=\"5f879fda\" data-element_type=\"column\">\n\t\t\t<div class=\"elementor-widget-wrap elementor-element-populated\">\n\t\t\t\t\t\t<div class=\"elementor-element elementor-element-334e3495 elementor-widget elementor-widget-heading\" data-id=\"334e3495\" data-element_type=\"widget\" data-widget_type=\"heading.default\">\n\t\t\t\t<div class=\"elementor-widget-container\">\n\t\t\t\t\t<h2 class=\"elementor-heading-title elementor-size-default\">FALA RADIOWA RF<\/h2>\t\t\t\t<\/div>\n\t\t\t\t<\/div>\n\t\t\t\t<div class=\"elementor-element elementor-element-53d4ae7 elementor-widget elementor-widget-text-editor\" data-id=\"53d4ae7\" data-element_type=\"widget\" data-widget_type=\"text-editor.default\">\n\t\t\t\t<div class=\"elementor-widget-container\">\n\t\t\t\t\t\t\t\t\t<p><em>Fala Radiowa Multipolarna w \u017bukowie \u2013 jako skuteczny \u015brodek do walki z wiotk\u0105 sk\u00f3r\u0105 i nadmiarem tkanki t\u0142uszczowej.<\/em><\/p><p>Fale radiowe multipolarne to technologia umo\u017cliwiaj\u0105ca utrat\u0119 tkanki t\u0142uszczowej w polu zabiegowym, wp\u0142ywa na redukcj\u0119 lub zmniejszenie cellulitu oraz uj\u0119drnienie sk\u00f3ry. W trakcie zabiegu wykorzystujemy g\u0142owic\u0119 ze specjalnymi elektrodami, pomi\u0119dzy kt\u00f3rymi przep\u0142ywaj\u0105 s\u0105 fale radiowe. Dzi\u0119ki temu mo\u017cemy penetrowa\u0107 r\u00f3\u017cn\u0105 g\u0142\u0119boko\u015b\u0107 penetracji tkanki, dzi\u0119ki czemu stymulacja przebiega jednocze\u015bnie na powierzchni sk\u00f3ry oraz w g\u0142\u0119bszych jej warstwach.\u00a0Zabieg ten jest hitem w\u015br\u00f3d naszych klientek.<\/p><p>Zasadniczo dzia\u0142anie urz\u0105dzenia polega na podgrzaniu tkanek na poziomie sk\u00f3ry w\u0142a\u015bciwej w celu obkurczenia w\u0142\u00f3kien kolagenowych oraz pobudzenia kom\u00f3rek sk\u00f3ry do produkcji i regeneracji kolagenu i elastyny. To powoduje wzrost napi\u0119cia sk\u00f3ry oraz jej uj\u0119drnienie.\u00a0Fale radiowe maj\u0105\u00a0 zastosowanie\u00a0w zabiegach miejscowego usuwania tkanki t\u0142uszczowej. Pozwala on na wybi\u00f3rcze ogrzanie kom\u00f3rek t\u0142uszczowych, powoduj\u0105c zwi\u0119kszenie ich metabolizmu oraz kurczenie si\u0119.<\/p><p>\u00a0<\/p><p><em>Zastosowanie RF przyczynia si\u0119 do redukcji nadmiaru tkanki t\u0142uszczowej, zmniejszenia problem\u00f3w zwi\u0105zanych z cellulitem, oraz modelowania sylwetki w zabiegach na cia\u0142o.<\/em><\/p><p>Urz\u0105dzenie stosowane do zabiegu wyposa\u017cone jest w elektrody, mi\u0119dzy kt\u00f3rymi przep\u0142ywa pr\u0105d o wysokiej cz\u0119stotliwo\u015bci. Dzia\u0142anie zewn\u0119trznego, zmiennego pola elektromagnetycznego powoduje ruch jon\u00f3w w tkance. Poruszaj\u0105ce cz\u0105steczki ocieraj\u0105 si\u0119 o siebie i wywo\u0142uj\u0105 emisj\u0119 ciep\u0142a endogennego. Osi\u0105gana temperatura podgrzania tkanek to 40 \u2013 45 st. Aby uzyska\u0107 odpowiedni\u0105 temperatur\u0119 wa\u017cne jest nawodnienie organizmu. Ciep\u0142o wytworzone w sk\u00f3rze pod wp\u0142ywem fal radiowych powoduje skr\u00f3cenie i zag\u0119szczenie w\u0142\u00f3kien kolagenowych oraz stymulacj\u0119 fibroblast\u00f3w do produkcji nowego kolagenu i elastyny. Rozgrzanie tkanek dodatkowo powoduje rozszerzenie naczy\u0144 krwiono\u015bnych, zwi\u0119kszenie przep\u0142ywu krwi co poprawia od\u017cywienie i dotlenienie kom\u00f3rek. W efekcie sk\u00f3ra staje si\u0119 bardziej j\u0119drna a zmarszczki ulegaj\u0105 sp\u0142yceniu. Najwi\u0119ksz\u0105 skuteczno\u015b\u0107 zabiegu przynosz\u0105 TERAPIE \u0141\u0104CZONE.<\/p><p><em>\u00a0<\/em><\/p><p><strong>Przygotowanie do zabiegu<\/strong><\/p><p>Zabieg wykonywany jest bezpo\u015brednio na sk\u00f3rze, na miejsce, kt\u00f3re poddane jest zabiegowi nak\u0142ada si\u0119 specjalistyczny \u017cel, kt\u00f3ry chroni przed przegrzaniem sk\u00f3ry. Specjalistka wykonuje zabieg prowadz\u0105c g\u0142owic\u0119 kolistymi ruchami po ciele przy czym parametry dobiera indywidualnie do potrzeb klientki. Po zabiegu mog\u0105 pojawi\u0107 si\u0119 zaczerwienienia sk\u00f3ry. Zaleca si\u0119 stosowanie serum uj\u0119drniaj\u0105cego sk\u00f3r\u0119.<\/p><p><strong>Efekty<\/strong><br \/>\u2022 likwidacja \u201elu\u017anej\u201d sk\u00f3ry na brzuchu i wewn\u0119trznej stronie ud<br \/>\u2022 redukcja cellulitu,<br \/>\u2022 sp\u0142ycenie rozst\u0119p\u00f3w,<br \/>\u2022 uj\u0119drnienie i wyg\u0142adzenie sk\u00f3ry,<br \/>\u2022 stymulacja syntezy kolagenu,<br \/>\u2022 poprawa cyrkulacji krwi i dotlenienie kom\u00f3rek,<br \/>\u2022 redukcja nadmiaru tkanki t\u0142uszczowej,<br \/>\u2022 poprawa spr\u0119\u017cysto\u015bci w\u0142\u00f3kien mi\u0119\u015bniowych,<br \/>\u2022 zwi\u0119kszenie si\u0142y i masy mi\u0119\u015bniowej.<\/p>\t\t\t\t\t\t\t\t<\/div>\n\t\t\t\t<\/div>\n\t\t\t\t\t<\/div>\n\t\t<\/div>\n\t\t\t\t\t<\/div>\n\t\t<\/section>\n\t\t\t\t<\/div>\n\t\t","protected":false},"excerpt":{"rendered":"<p>Efekty Zapisz si\u0119 na zabieg Powr\u00f3t do innych zabieg\u00f3w FALA RADIOWA RF Fala Radiowa Multipolarna w \u017bukowie \u2013 jako skuteczny \u015brodek do walki z wiotk\u0105 sk\u00f3r\u0105 i nadmiarem tkanki t\u0142uszczowej. Fale radiowe multipolarne to technologia umo\u017cliwiaj\u0105ca utrat\u0119 tkanki t\u0142uszczowej w polu zabiegowym, wp\u0142ywa na redukcj\u0119 lub zmniejszenie cellulitu oraz uj\u0119drnienie sk\u00f3ry. W trakcie zabiegu wykorzystujemy &hellip;<\/p>\n<p class=\"read-more\"> <a class=\"\" href=\"https:\/\/studiokobietzukowo.com\/?page_id=818\"> <span class=\"screen-reader-text\">fala radiowa rf<\/span> Read More &raquo;<\/a><\/p>\n","protected":false},"author":1,"featured_media":0,"parent":0,"menu_order":0,"comment_status":"closed","ping_status":"closed","template":"","meta":{"site-sidebar-layout":"no-sidebar","site-content-layout":"page-builder","ast-global-header-display":"","ast-main-header-display":"","ast-hfb-above-header-display":"","ast-hfb-below-header-display":"","ast-hfb-mobile-header-display":"","site-post-title":"disabled","ast-breadcrumbs-content":"","ast-featured-img":"disabled","footer-sml-layout":"","theme-transparent-header-meta":"","adv-header-id-meta":"","stick-header-meta":"","header-above-stick-meta":"","header-main-stick-meta":"","header-below-stick-meta":"","footnotes":""},"class_list":["post-818","page","type-page","status-publish","hentry"],"yoast_head":"<!-- This site is optimized with the Yoast SEO plugin v19.13 - https:\/\/yoast.com\/wordpress\/plugins\/seo\/ -->\n<title>fala radiowa rf - Studio Kobiet \u017bukowo<\/title>\n<meta name=\"robots\" content=\"index, follow, max-snippet:-1, max-image-preview:large, max-video-preview:-1\" \/>\n<link rel=\"canonical\" href=\"https:\/\/studiokobietzukowo.com\/?page_id=818\" \/>\n<meta property=\"og:locale\" content=\"en_US\" \/>\n<meta property=\"og:type\" content=\"article\" \/>\n<meta property=\"og:title\" content=\"fala radiowa rf - Studio Kobiet \u017bukowo\" \/>\n<meta property=\"og:description\" content=\"Efekty Zapisz si\u0119 na zabieg Powr\u00f3t do innych zabieg\u00f3w FALA RADIOWA RF Fala Radiowa Multipolarna w \u017bukowie \u2013 jako skuteczny \u015brodek do walki z wiotk\u0105 sk\u00f3r\u0105 i nadmiarem tkanki t\u0142uszczowej. Fale radiowe multipolarne to technologia umo\u017cliwiaj\u0105ca utrat\u0119 tkanki t\u0142uszczowej w polu zabiegowym, wp\u0142ywa na redukcj\u0119 lub zmniejszenie cellulitu oraz uj\u0119drnienie sk\u00f3ry. W trakcie zabiegu wykorzystujemy &hellip; fala radiowa rf Read More &raquo;\" \/>\n<meta property=\"og:url\" content=\"https:\/\/studiokobietzukowo.com\/?page_id=818\" \/>\n<meta property=\"og:site_name\" content=\"Studio Kobiet \u017bukowo\" \/>\n<meta property=\"article:modified_time\" content=\"2022-12-29T10:31:17+00:00\" \/>\n<meta property=\"og:image\" content=\"http:\/\/studiokobietzukowo.com\/wp-content\/uploads\/2022\/12\/FALA-RADIOWA-RF-1024x768.jpg\" \/>\n<meta name=\"twitter:card\" content=\"summary_large_image\" \/>\n<meta name=\"twitter:label1\" content=\"Est. reading time\" \/>\n\t<meta name=\"twitter:data1\" content=\"4 minutes\" \/>\n<script type=\"application\/ld+json\" class=\"yoast-schema-graph\">{\"@context\":\"https:\/\/schema.org\",\"@graph\":[{\"@type\":\"WebPage\",\"@id\":\"https:\/\/studiokobietzukowo.com\/?page_id=818\",\"url\":\"https:\/\/studiokobietzukowo.com\/?page_id=818\",\"name\":\"fala radiowa rf - Studio Kobiet \u017bukowo\",\"isPartOf\":{\"@id\":\"https:\/\/studiokobietzukowo.com\/#website\"},\"datePublished\":\"2022-12-29T07:12:02+00:00\",\"dateModified\":\"2022-12-29T10:31:17+00:00\",\"breadcrumb\":{\"@id\":\"https:\/\/studiokobietzukowo.com\/?page_id=818#breadcrumb\"},\"inLanguage\":\"en-US\",\"potentialAction\":[{\"@type\":\"ReadAction\",\"target\":[\"https:\/\/studiokobietzukowo.com\/?page_id=818\"]}]},{\"@type\":\"BreadcrumbList\",\"@id\":\"https:\/\/studiokobietzukowo.com\/?page_id=818#breadcrumb\",\"itemListElement\":[{\"@type\":\"ListItem\",\"position\":1,\"name\":\"Home\",\"item\":\"https:\/\/studiokobietzukowo.com\/\"},{\"@type\":\"ListItem\",\"position\":2,\"name\":\"fala radiowa rf\"}]},{\"@type\":\"WebSite\",\"@id\":\"https:\/\/studiokobietzukowo.com\/#website\",\"url\":\"https:\/\/studiokobietzukowo.com\/\",\"name\":\"Studio Kobiet \u017bukowo\",\"description\":\"\",\"publisher\":{\"@id\":\"https:\/\/studiokobietzukowo.com\/#organization\"},\"potentialAction\":[{\"@type\":\"SearchAction\",\"target\":{\"@type\":\"EntryPoint\",\"urlTemplate\":\"https:\/\/studiokobietzukowo.com\/?s={search_term_string}\"},\"query-input\":\"required name=search_term_string\"}],\"inLanguage\":\"en-US\"},{\"@type\":\"Organization\",\"@id\":\"https:\/\/studiokobietzukowo.com\/#organization\",\"name\":\"Studio Kobiet \u017bukowo\",\"url\":\"https:\/\/studiokobietzukowo.com\/\",\"logo\":{\"@type\":\"ImageObject\",\"inLanguage\":\"en-US\",\"@id\":\"https:\/\/studiokobietzukowo.com\/#\/schema\/logo\/image\/\",\"url\":\"https:\/\/studiokobietzukowo.com\/wp-content\/uploads\/2022\/12\/cropped-Fotografia-Studio-Facebook-Zdjecie-w-Tle-851\u00d7315-px-8.png\",\"contentUrl\":\"https:\/\/studiokobietzukowo.com\/wp-content\/uploads\/2022\/12\/cropped-Fotografia-Studio-Facebook-Zdjecie-w-Tle-851\u00d7315-px-8.png\",\"width\":171,\"height\":225,\"caption\":\"Studio Kobiet \u017bukowo\"},\"image\":{\"@id\":\"https:\/\/studiokobietzukowo.com\/#\/schema\/logo\/image\/\"}}]}<\/script>\n<!-- \/ Yoast SEO plugin. -->","yoast_head_json":{"title":"fala radiowa rf - Studio Kobiet \u017bukowo","robots":{"index":"index","follow":"follow","max-snippet":"max-snippet:-1","max-image-preview":"max-image-preview:large","max-video-preview":"max-video-preview:-1"},"canonical":"https:\/\/studiokobietzukowo.com\/?page_id=818","og_locale":"en_US","og_type":"article","og_title":"fala radiowa rf - Studio Kobiet \u017bukowo","og_description":"Efekty Zapisz si\u0119 na zabieg Powr\u00f3t do innych zabieg\u00f3w FALA RADIOWA RF Fala Radiowa Multipolarna w \u017bukowie \u2013 jako skuteczny \u015brodek do walki z wiotk\u0105 sk\u00f3r\u0105 i nadmiarem tkanki t\u0142uszczowej. Fale radiowe multipolarne to technologia umo\u017cliwiaj\u0105ca utrat\u0119 tkanki t\u0142uszczowej w polu zabiegowym, wp\u0142ywa na redukcj\u0119 lub zmniejszenie cellulitu oraz uj\u0119drnienie sk\u00f3ry. W trakcie zabiegu wykorzystujemy &hellip; fala radiowa rf Read More &raquo;","og_url":"https:\/\/studiokobietzukowo.com\/?page_id=818","og_site_name":"Studio Kobiet \u017bukowo","article_modified_time":"2022-12-29T10:31:17+00:00","og_image":[{"url":"http:\/\/studiokobietzukowo.com\/wp-content\/uploads\/2022\/12\/FALA-RADIOWA-RF-1024x768.jpg"}],"twitter_card":"summary_large_image","twitter_misc":{"Est. reading time":"4 minutes"},"schema":{"@context":"https:\/\/schema.org","@graph":[{"@type":"WebPage","@id":"https:\/\/studiokobietzukowo.com\/?page_id=818","url":"https:\/\/studiokobietzukowo.com\/?page_id=818","name":"fala radiowa rf - Studio Kobiet \u017bukowo","isPartOf":{"@id":"https:\/\/studiokobietzukowo.com\/#website"},"datePublished":"2022-12-29T07:12:02+00:00","dateModified":"2022-12-29T10:31:17+00:00","breadcrumb":{"@id":"https:\/\/studiokobietzukowo.com\/?page_id=818#breadcrumb"},"inLanguage":"en-US","potentialAction":[{"@type":"ReadAction","target":["https:\/\/studiokobietzukowo.com\/?page_id=818"]}]},{"@type":"BreadcrumbList","@id":"https:\/\/studiokobietzukowo.com\/?page_id=818#breadcrumb","itemListElement":[{"@type":"ListItem","position":1,"name":"Home","item":"https:\/\/studiokobietzukowo.com\/"},{"@type":"ListItem","position":2,"name":"fala radiowa rf"}]},{"@type":"WebSite","@id":"https:\/\/studiokobietzukowo.com\/#website","url":"https:\/\/studiokobietzukowo.com\/","name":"Studio Kobiet \u017bukowo","description":"","publisher":{"@id":"https:\/\/studiokobietzukowo.com\/#organization"},"potentialAction":[{"@type":"SearchAction","target":{"@type":"EntryPoint","urlTemplate":"https:\/\/studiokobietzukowo.com\/?s={search_term_string}"},"query-input":"required name=search_term_string"}],"inLanguage":"en-US"},{"@type":"Organization","@id":"https:\/\/studiokobietzukowo.com\/#organization","name":"Studio Kobiet \u017bukowo","url":"https:\/\/studiokobietzukowo.com\/","logo":{"@type":"ImageObject","inLanguage":"en-US","@id":"https:\/\/studiokobietzukowo.com\/#\/schema\/logo\/image\/","url":"https:\/\/studiokobietzukowo.com\/wp-content\/uploads\/2022\/12\/cropped-Fotografia-Studio-Facebook-Zdjecie-w-Tle-851\u00d7315-px-8.png","contentUrl":"https:\/\/studiokobietzukowo.com\/wp-content\/uploads\/2022\/12\/cropped-Fotografia-Studio-Facebook-Zdjecie-w-Tle-851\u00d7315-px-8.png","width":171,"height":225,"caption":"Studio Kobiet \u017bukowo"},"image":{"@id":"https:\/\/studiokobietzukowo.com\/#\/schema\/logo\/image\/"}}]}},"_links":{"self":[{"href":"https:\/\/studiokobietzukowo.com\/index.php?rest_route=\/wp\/v2\/pages\/818","targetHints":{"allow":["GET"]}}],"collection":[{"href":"https:\/\/studiokobietzukowo.com\/index.php?rest_route=\/wp\/v2\/pages"}],"about":[{"href":"https:\/\/studiokobietzukowo.com\/index.php?rest_route=\/wp\/v2\/types\/page"}],"author":[{"embeddable":true,"href":"https:\/\/studiokobietzukowo.com\/index.php?rest_route=\/wp\/v2\/users\/1"}],"replies":[{"embeddable":true,"href":"https:\/\/studiokobietzukowo.com\/index.php?rest_route=%2Fwp%2Fv2%2Fcomments&post=818"}],"version-history":[{"count":25,"href":"https:\/\/studiokobietzukowo.com\/index.php?rest_route=\/wp\/v2\/pages\/818\/revisions"}],"predecessor-version":[{"id":1033,"href":"https:\/\/studiokobietzukowo.com\/index.php?rest_route=\/wp\/v2\/pages\/818\/revisions\/1033"}],"wp:attachment":[{"href":"https:\/\/studiokobietzukowo.com\/index.php?rest_route=%2Fwp%2Fv2%2Fmedia&parent=818"}],"curies":[{"name":"wp","href":"https:\/\/api.w.org\/{rel}","templated":true}]}}