{"id":846,"date":"2022-12-29T08:45:51","date_gmt":"2022-12-29T07:45:51","guid":{"rendered":"http:\/\/studiokobietzukowo.com\/?page_id=846"},"modified":"2022-12-29T11:31:03","modified_gmt":"2022-12-29T10:31:03","slug":"liposukcja-kawitacyjna","status":"publish","type":"page","link":"https:\/\/studiokobietzukowo.com\/?page_id=846","title":{"rendered":"Depilacja Laserowa"},"content":{"rendered":"\t\t<div data-elementor-type=\"wp-page\" data-elementor-id=\"846\" class=\"elementor elementor-846\">\n\t\t\t\t\t\t<section class=\"elementor-section elementor-top-section elementor-element elementor-element-787a1821 elementor-section-boxed elementor-section-height-default elementor-section-height-default\" data-id=\"787a1821\" data-element_type=\"section\">\n\t\t\t\t\t\t<div class=\"elementor-container elementor-column-gap-default\">\n\t\t\t\t\t<div class=\"elementor-column elementor-col-50 elementor-top-column elementor-element elementor-element-21618d27\" data-id=\"21618d27\" data-element_type=\"column\">\n\t\t\t<div class=\"elementor-widget-wrap elementor-element-populated\">\n\t\t\t\t\t\t<div class=\"elementor-element elementor-element-9702f9d elementor-widget elementor-widget-image\" data-id=\"9702f9d\" data-element_type=\"widget\" data-widget_type=\"image.default\">\n\t\t\t\t<div class=\"elementor-widget-container\">\n\t\t\t\t\t\t\t\t\t\t\t\t\t\t\t<img fetchpriority=\"high\" decoding=\"async\" width=\"1024\" height=\"1024\" src=\"https:\/\/studiokobietzukowo.com\/wp-content\/uploads\/2022\/12\/Projekt-bez-tytulu-25-1024x1024.png\" class=\"attachment-large size-large wp-image-850\" alt=\"\" srcset=\"https:\/\/studiokobietzukowo.com\/wp-content\/uploads\/2022\/12\/Projekt-bez-tytulu-25-1024x1024.png 1024w, https:\/\/studiokobietzukowo.com\/wp-content\/uploads\/2022\/12\/Projekt-bez-tytulu-25-300x300.png 300w, https:\/\/studiokobietzukowo.com\/wp-content\/uploads\/2022\/12\/Projekt-bez-tytulu-25-150x150.png 150w, https:\/\/studiokobietzukowo.com\/wp-content\/uploads\/2022\/12\/Projekt-bez-tytulu-25-768x768.png 768w, https:\/\/studiokobietzukowo.com\/wp-content\/uploads\/2022\/12\/Projekt-bez-tytulu-25.png 1080w\" sizes=\"(max-width: 1024px) 100vw, 1024px\" \/>\t\t\t\t\t\t\t\t\t\t\t\t\t\t\t<\/div>\n\t\t\t\t<\/div>\n\t\t\t\t<div class=\"elementor-element elementor-element-711adcc elementor-align-center elementor-widget elementor-widget-button\" data-id=\"711adcc\" data-element_type=\"widget\" data-widget_type=\"button.default\">\n\t\t\t\t<div class=\"elementor-widget-container\">\n\t\t\t\t\t\t\t\t\t<div class=\"elementor-button-wrapper\">\n\t\t\t\t\t<a class=\"elementor-button elementor-button-link elementor-size-sm\" href=\"http:\/\/studiokobietzukowo.com\/?page_id=988\">\n\t\t\t\t\t\t<span class=\"elementor-button-content-wrapper\">\n\t\t\t\t\t\t\t\t\t<span class=\"elementor-button-text\">Zapisz si\u0119 na zabieg<\/span>\n\t\t\t\t\t<\/span>\n\t\t\t\t\t<\/a>\n\t\t\t\t<\/div>\n\t\t\t\t\t\t\t\t<\/div>\n\t\t\t\t<\/div>\n\t\t\t\t<div class=\"elementor-element elementor-element-6a21f31 elementor-align-center elementor-widget elementor-widget-button\" data-id=\"6a21f31\" data-element_type=\"widget\" data-widget_type=\"button.default\">\n\t\t\t\t<div class=\"elementor-widget-container\">\n\t\t\t\t\t\t\t\t\t<div class=\"elementor-button-wrapper\">\n\t\t\t\t\t<a class=\"elementor-button elementor-button-link elementor-size-sm\" href=\"http:\/\/studiokobietzukowo.com\/?page_id=792\">\n\t\t\t\t\t\t<span class=\"elementor-button-content-wrapper\">\n\t\t\t\t\t\t\t\t\t<span class=\"elementor-button-text\">Powr\u00f3t do zabieg\u00f3w<\/span>\n\t\t\t\t\t<\/span>\n\t\t\t\t\t<\/a>\n\t\t\t\t<\/div>\n\t\t\t\t\t\t\t\t<\/div>\n\t\t\t\t<\/div>\n\t\t\t\t\t<\/div>\n\t\t<\/div>\n\t\t\t\t<div class=\"elementor-column elementor-col-50 elementor-top-column elementor-element elementor-element-46966410\" data-id=\"46966410\" data-element_type=\"column\">\n\t\t\t<div class=\"elementor-widget-wrap elementor-element-populated\">\n\t\t\t\t\t\t<div class=\"elementor-element elementor-element-796d1f9d elementor-widget elementor-widget-heading\" data-id=\"796d1f9d\" data-element_type=\"widget\" data-widget_type=\"heading.default\">\n\t\t\t\t<div class=\"elementor-widget-container\">\n\t\t\t\t\t<h2 class=\"elementor-heading-title elementor-size-default\">DEPILACJA VECTUS<\/h2>\t\t\t\t<\/div>\n\t\t\t\t<\/div>\n\t\t\t\t<div class=\"elementor-element elementor-element-3296063a elementor-widget elementor-widget-text-editor\" data-id=\"3296063a\" data-element_type=\"widget\" data-widget_type=\"text-editor.default\">\n\t\t\t\t<div class=\"elementor-widget-container\">\n\t\t\t\t\t\t\t\t\t<p><em>Depilacja laserowa \u017bukowo \u2013 laserowe usuwanie\u00a0<span style=\"font-weight: inherit; background-color: var(--ast-global-color-4); color: var(--ast-global-color-3);\">ow\u0142osienia<\/span><\/em><\/p><p>Depilacja laserowa czyli laserowe usuwanie ow\u0142osienia jest obecnie bardzo popularn\u0105 metod\u0105 trwa\u0142ego usuwania ow\u0142osienia, po kt\u00f3r\u0105 si\u0119ga coraz wi\u0119cej kobiet, aby zaprzesta\u0107 z tradycyjnym, k\u0142opotliwym usuwaniem zb\u0119dnego ow\u0142osienia. W tej technologii u\u017cywamy wi\u0105zki lasera, kt\u00f3ra wnika g\u0142\u0119boko w sk\u00f3r\u0119, wytwarzaj\u0105c energi\u0119 poch\u0142anian\u0105 przez barwnik w\u0142osa, w przypadku naszego lasera jest to melanina. Energia zamienia si\u0119 w ciep\u0142o i niszczy cebulk\u0119 w\u0142osa wraz z jej korzeniami. Zwracaj\u0105c uwag\u0119 na to to czym kieruj\u0105 si\u0119 klientki przy wyborze lasera wysz\u0142y\u015bmy im naprzeciw, dlatego w Studio Kobiet \u017bukowo dost\u0119pny jest laser Palomar Vectus. Zosta\u0142 on okrzykni\u0119ty jako najlepszy i najmocniejszy laser na \u015bwiecie. Dzi\u0119ki temu zapewniamy najlepsz\u0105 skuteczno\u015b\u0107, bezpiecze\u0144stwo i komfort zabiegu. Palomar Vectus jest medycznym laserem diodowy firmy Palomar Medical Technologies, lidera w bran\u017cy technologii urz\u0105dze\u0144 laserowych. System laserowy wykorzystywany w takich urz\u0105dzeniach jak Light Sheer oraz Light Sheer Duet zosta\u0142 udoskonalony przez technolog\u00f3w firmy Palomar, dzi\u0119ki czemu Vectus jest urz\u0105dzeniem najnowszej generacji do depilacji laserowej. Skuteczno\u015b\u0107 potwierdzaj\u0105 liczne badania kliniczne oraz presti\u017cowy certyfikat.<\/p><p><strong>FDA<\/strong>\u00a0(od ang.\u00a0Food and Drug Administration). Jest to\u00a0 ameryka\u0144ska Agencja \u017bywno\u015bci i Lek\u00f3w, kt\u00f3ra przyznaje certyfikaty urz\u0105dzeniom medycznym i tym samym po\u015bwiadcza ich najwy\u017csz\u0105 jako\u015b\u0107, bezpiecze\u0144stwo a przede wszystkim skuteczno\u015b\u0107. Vectus otrzyma\u0142 te\u017c presti\u017cow\u0105 nagrod\u0119 Prix de Beaute 2013 w kategorii Odkrycie Roku, co tylko potwierdza jego fenomen. Depilacja laserowa polega na trwa\u0142ym usuni\u0119ciu ow\u0142osienia. Wi\u0105zka lasera poch\u0142aniana jest przez barwnik w\u0142osa, melanin\u0119 i zamieniana na energi\u0119. Prowadzi to do przegrzania cebulki w\u0142osa. Ilo\u015b\u0107 melaniny decyduje o skuteczno\u015bci zabiegu i ilo\u015bci zabiegu, im ciemniejszy w\u0142os i ja\u015bniejsza sk\u00f3ra tym lepsze efekty.<\/p><p><strong>Znaczenie ma r\u00f3wnie\u017c faza wzrostu w\u0142osa.<\/strong> <strong>Wyr\u00f3\u017cniamy:<\/strong>\u2022 anagen \u2013 faza aktywnego wzrostu w\u0142osa, w kt\u00f3rym cebulka w\u0142osa jest po\u0142\u0105czona z macierz\u0105.<br \/>Jest to idealny moment na przeprowadzenie depilacji.<br \/>\u2022 katagen \u2013 faza, w kt\u00f3rej przestaje by\u0107 produkowany barwnik w\u0142osa.<br \/>\u2022 telogen \u2013 faza spoczynku, w kt\u00f3rej w\u0142os od\u0142\u0105czony jest od macierzy i wypada.<br \/>W\u0142osy na jednym obszarze s\u0105 w r\u00f3\u017cnej fazie wzrostu, dlatego wymagane jest powtarzanie zabiegu co 6 &#8211; 7 tygodni.<\/p><p><strong>Zalecenia przed zabiegiem<\/strong><\/p><p><em>Miesi\u0105c wcze\u015bniej:<\/em><\/p><p>\u2022\u00a0Nie nale\u017cy si\u0119 opala\u0107<br \/>\u2022\u00a0Nie mo\u017cna wyrywa\u0107 w\u0142osk\u00f3w p\u0119set\u0105, woskiem, depilatorem, kremem do depilacji<br \/>\u2022 Nie nale\u017cy stosowa\u0107 krem\u00f3w o dzia\u0142aniu fotouczulaj\u0105cym i z\u0142uszczaj\u0105cym<br \/>\u2022\u00a0Nie nale\u017cy stosowa\u0107 lek\u00f3w fotouczulaj\u0105cych- np.: antybiotyki, leki przeciwdepresyjne<\/p><p><em>Tydzie\u0144 wcze\u015bniej:<\/em><\/p><p>\u2022 Nale\u017cy odstawi\u0107 preparaty doustne, kt\u00f3re mog\u0105 uwra\u017cliwi\u0107 na dzia\u0142anie s\u0142o\u0144ca (w tym zio\u0142a takie jak: dziurawiec, nagietek, rumianek, skrzyp)<br \/>\u2022\u00a0Nale\u017cy stosowa\u0107 kremy nawil\u017caj\u0105ce, tak aby w dniu zabiegu sk\u00f3ra by\u0142a w dobrej kondycji<\/p><p><em>W dniu zabiegu (lub dzie\u0144 wcze\u015bniej):<\/em><\/p><p>Nale\u017cy ogoli\u0107 miejsca poddane zabiegom przy pomocy maszynki jednorazowej<br \/>Je\u015bli jest to pierwszy zabieg, nale\u017cy pozostawi\u0107 nieogolone pole podgl\u0105dowe (1cm x 1cm) dla<br \/>okre\u015blenia parametr\u00f3w czyli koloru, grubo\u015bci oraz g\u0119sto\u015bci w\u0142osa.<\/p><p>\u2022\u00a0Do zabiegu przyst\u0119pujemy maj\u0105c czyst\u0105 sk\u00f3r\u0119 \u2013 pozbawion\u0105 \u015blad\u00f3w makija\u017cu, krem\u00f3w czy<br \/>dezodorant\u00f3w.<br \/>\u2022 Nie u\u017cywamy lek\u00f3w przeciwb\u00f3lowych (Aspiryna, Ibuprom, Paracetamol, Ibum, No-spa, Nurofen, Apap) W\u0142a\u015bciwe przygotowanie pozwoli unikn\u0105\u0107 niechcianych konsekwencji oraz sprawi, \u017ce przeprowadzony zabieg b\u0119dzie skuteczny i efektywny, a my b\u0119dziemy zadowoleni z jego rezultat\u00f3w.<\/p>\t\t\t\t\t\t\t\t<\/div>\n\t\t\t\t<\/div>\n\t\t\t\t\t<\/div>\n\t\t<\/div>\n\t\t\t\t\t<\/div>\n\t\t<\/section>\n\t\t\t\t<\/div>\n\t\t","protected":false},"excerpt":{"rendered":"<p>Zapisz si\u0119 na zabieg Powr\u00f3t do zabieg\u00f3w DEPILACJA VECTUS Depilacja laserowa \u017bukowo \u2013 laserowe usuwanie\u00a0ow\u0142osienia Depilacja laserowa czyli laserowe usuwanie ow\u0142osienia jest obecnie bardzo popularn\u0105 metod\u0105 trwa\u0142ego usuwania ow\u0142osienia, po kt\u00f3r\u0105 si\u0119ga coraz wi\u0119cej kobiet, aby zaprzesta\u0107 z tradycyjnym, k\u0142opotliwym usuwaniem zb\u0119dnego ow\u0142osienia. W tej technologii u\u017cywamy wi\u0105zki lasera, kt\u00f3ra wnika g\u0142\u0119boko w sk\u00f3r\u0119, wytwarzaj\u0105c &hellip;<\/p>\n<p class=\"read-more\"> <a class=\"\" href=\"https:\/\/studiokobietzukowo.com\/?page_id=846\"> <span class=\"screen-reader-text\">Depilacja Laserowa<\/span> Read More &raquo;<\/a><\/p>\n","protected":false},"author":1,"featured_media":0,"parent":0,"menu_order":0,"comment_status":"closed","ping_status":"closed","template":"","meta":{"site-sidebar-layout":"no-sidebar","site-content-layout":"page-builder","ast-global-header-display":"","ast-main-header-display":"","ast-hfb-above-header-display":"","ast-hfb-below-header-display":"","ast-hfb-mobile-header-display":"","site-post-title":"disabled","ast-breadcrumbs-content":"","ast-featured-img":"disabled","footer-sml-layout":"","theme-transparent-header-meta":"","adv-header-id-meta":"","stick-header-meta":"","header-above-stick-meta":"","header-main-stick-meta":"","header-below-stick-meta":"","footnotes":""},"class_list":["post-846","page","type-page","status-publish","hentry"],"yoast_head":"<!-- This site is optimized with the Yoast SEO plugin v19.13 - https:\/\/yoast.com\/wordpress\/plugins\/seo\/ -->\n<title>Depilacja Laserowa - Studio Kobiet \u017bukowo<\/title>\n<meta name=\"robots\" content=\"index, follow, max-snippet:-1, max-image-preview:large, max-video-preview:-1\" \/>\n<link rel=\"canonical\" href=\"https:\/\/studiokobietzukowo.com\/?page_id=846\" \/>\n<meta property=\"og:locale\" content=\"en_US\" \/>\n<meta property=\"og:type\" content=\"article\" \/>\n<meta property=\"og:title\" content=\"Depilacja Laserowa - Studio Kobiet \u017bukowo\" \/>\n<meta property=\"og:description\" content=\"Zapisz si\u0119 na zabieg Powr\u00f3t do zabieg\u00f3w DEPILACJA VECTUS Depilacja laserowa \u017bukowo \u2013 laserowe usuwanie\u00a0ow\u0142osienia Depilacja laserowa czyli laserowe usuwanie ow\u0142osienia jest obecnie bardzo popularn\u0105 metod\u0105 trwa\u0142ego usuwania ow\u0142osienia, po kt\u00f3r\u0105 si\u0119ga coraz wi\u0119cej kobiet, aby zaprzesta\u0107 z tradycyjnym, k\u0142opotliwym usuwaniem zb\u0119dnego ow\u0142osienia. W tej technologii u\u017cywamy wi\u0105zki lasera, kt\u00f3ra wnika g\u0142\u0119boko w sk\u00f3r\u0119, wytwarzaj\u0105c &hellip; Depilacja Laserowa Read More &raquo;\" \/>\n<meta property=\"og:url\" content=\"https:\/\/studiokobietzukowo.com\/?page_id=846\" \/>\n<meta property=\"og:site_name\" content=\"Studio Kobiet \u017bukowo\" \/>\n<meta property=\"article:modified_time\" content=\"2022-12-29T10:31:03+00:00\" \/>\n<meta property=\"og:image\" content=\"http:\/\/studiokobietzukowo.com\/wp-content\/uploads\/2022\/12\/Projekt-bez-tytulu-25-1024x1024.png\" \/>\n<meta name=\"twitter:card\" content=\"summary_large_image\" \/>\n<meta name=\"twitter:label1\" content=\"Est. reading time\" \/>\n\t<meta name=\"twitter:data1\" content=\"4 minutes\" \/>\n<script type=\"application\/ld+json\" class=\"yoast-schema-graph\">{\"@context\":\"https:\/\/schema.org\",\"@graph\":[{\"@type\":\"WebPage\",\"@id\":\"https:\/\/studiokobietzukowo.com\/?page_id=846\",\"url\":\"https:\/\/studiokobietzukowo.com\/?page_id=846\",\"name\":\"Depilacja Laserowa - Studio Kobiet \u017bukowo\",\"isPartOf\":{\"@id\":\"https:\/\/studiokobietzukowo.com\/#website\"},\"datePublished\":\"2022-12-29T07:45:51+00:00\",\"dateModified\":\"2022-12-29T10:31:03+00:00\",\"breadcrumb\":{\"@id\":\"https:\/\/studiokobietzukowo.com\/?page_id=846#breadcrumb\"},\"inLanguage\":\"en-US\",\"potentialAction\":[{\"@type\":\"ReadAction\",\"target\":[\"https:\/\/studiokobietzukowo.com\/?page_id=846\"]}]},{\"@type\":\"BreadcrumbList\",\"@id\":\"https:\/\/studiokobietzukowo.com\/?page_id=846#breadcrumb\",\"itemListElement\":[{\"@type\":\"ListItem\",\"position\":1,\"name\":\"Home\",\"item\":\"https:\/\/studiokobietzukowo.com\/\"},{\"@type\":\"ListItem\",\"position\":2,\"name\":\"Depilacja Laserowa\"}]},{\"@type\":\"WebSite\",\"@id\":\"https:\/\/studiokobietzukowo.com\/#website\",\"url\":\"https:\/\/studiokobietzukowo.com\/\",\"name\":\"Studio Kobiet \u017bukowo\",\"description\":\"\",\"publisher\":{\"@id\":\"https:\/\/studiokobietzukowo.com\/#organization\"},\"potentialAction\":[{\"@type\":\"SearchAction\",\"target\":{\"@type\":\"EntryPoint\",\"urlTemplate\":\"https:\/\/studiokobietzukowo.com\/?s={search_term_string}\"},\"query-input\":\"required name=search_term_string\"}],\"inLanguage\":\"en-US\"},{\"@type\":\"Organization\",\"@id\":\"https:\/\/studiokobietzukowo.com\/#organization\",\"name\":\"Studio Kobiet \u017bukowo\",\"url\":\"https:\/\/studiokobietzukowo.com\/\",\"logo\":{\"@type\":\"ImageObject\",\"inLanguage\":\"en-US\",\"@id\":\"https:\/\/studiokobietzukowo.com\/#\/schema\/logo\/image\/\",\"url\":\"https:\/\/studiokobietzukowo.com\/wp-content\/uploads\/2022\/12\/cropped-Fotografia-Studio-Facebook-Zdjecie-w-Tle-851\u00d7315-px-8.png\",\"contentUrl\":\"https:\/\/studiokobietzukowo.com\/wp-content\/uploads\/2022\/12\/cropped-Fotografia-Studio-Facebook-Zdjecie-w-Tle-851\u00d7315-px-8.png\",\"width\":171,\"height\":225,\"caption\":\"Studio Kobiet \u017bukowo\"},\"image\":{\"@id\":\"https:\/\/studiokobietzukowo.com\/#\/schema\/logo\/image\/\"}}]}<\/script>\n<!-- \/ Yoast SEO plugin. -->","yoast_head_json":{"title":"Depilacja Laserowa - Studio Kobiet \u017bukowo","robots":{"index":"index","follow":"follow","max-snippet":"max-snippet:-1","max-image-preview":"max-image-preview:large","max-video-preview":"max-video-preview:-1"},"canonical":"https:\/\/studiokobietzukowo.com\/?page_id=846","og_locale":"en_US","og_type":"article","og_title":"Depilacja Laserowa - Studio Kobiet \u017bukowo","og_description":"Zapisz si\u0119 na zabieg Powr\u00f3t do zabieg\u00f3w DEPILACJA VECTUS Depilacja laserowa \u017bukowo \u2013 laserowe usuwanie\u00a0ow\u0142osienia Depilacja laserowa czyli laserowe usuwanie ow\u0142osienia jest obecnie bardzo popularn\u0105 metod\u0105 trwa\u0142ego usuwania ow\u0142osienia, po kt\u00f3r\u0105 si\u0119ga coraz wi\u0119cej kobiet, aby zaprzesta\u0107 z tradycyjnym, k\u0142opotliwym usuwaniem zb\u0119dnego ow\u0142osienia. W tej technologii u\u017cywamy wi\u0105zki lasera, kt\u00f3ra wnika g\u0142\u0119boko w sk\u00f3r\u0119, wytwarzaj\u0105c &hellip; Depilacja Laserowa Read More &raquo;","og_url":"https:\/\/studiokobietzukowo.com\/?page_id=846","og_site_name":"Studio Kobiet \u017bukowo","article_modified_time":"2022-12-29T10:31:03+00:00","og_image":[{"url":"http:\/\/studiokobietzukowo.com\/wp-content\/uploads\/2022\/12\/Projekt-bez-tytulu-25-1024x1024.png"}],"twitter_card":"summary_large_image","twitter_misc":{"Est. reading time":"4 minutes"},"schema":{"@context":"https:\/\/schema.org","@graph":[{"@type":"WebPage","@id":"https:\/\/studiokobietzukowo.com\/?page_id=846","url":"https:\/\/studiokobietzukowo.com\/?page_id=846","name":"Depilacja Laserowa - Studio Kobiet \u017bukowo","isPartOf":{"@id":"https:\/\/studiokobietzukowo.com\/#website"},"datePublished":"2022-12-29T07:45:51+00:00","dateModified":"2022-12-29T10:31:03+00:00","breadcrumb":{"@id":"https:\/\/studiokobietzukowo.com\/?page_id=846#breadcrumb"},"inLanguage":"en-US","potentialAction":[{"@type":"ReadAction","target":["https:\/\/studiokobietzukowo.com\/?page_id=846"]}]},{"@type":"BreadcrumbList","@id":"https:\/\/studiokobietzukowo.com\/?page_id=846#breadcrumb","itemListElement":[{"@type":"ListItem","position":1,"name":"Home","item":"https:\/\/studiokobietzukowo.com\/"},{"@type":"ListItem","position":2,"name":"Depilacja Laserowa"}]},{"@type":"WebSite","@id":"https:\/\/studiokobietzukowo.com\/#website","url":"https:\/\/studiokobietzukowo.com\/","name":"Studio Kobiet \u017bukowo","description":"","publisher":{"@id":"https:\/\/studiokobietzukowo.com\/#organization"},"potentialAction":[{"@type":"SearchAction","target":{"@type":"EntryPoint","urlTemplate":"https:\/\/studiokobietzukowo.com\/?s={search_term_string}"},"query-input":"required name=search_term_string"}],"inLanguage":"en-US"},{"@type":"Organization","@id":"https:\/\/studiokobietzukowo.com\/#organization","name":"Studio Kobiet \u017bukowo","url":"https:\/\/studiokobietzukowo.com\/","logo":{"@type":"ImageObject","inLanguage":"en-US","@id":"https:\/\/studiokobietzukowo.com\/#\/schema\/logo\/image\/","url":"https:\/\/studiokobietzukowo.com\/wp-content\/uploads\/2022\/12\/cropped-Fotografia-Studio-Facebook-Zdjecie-w-Tle-851\u00d7315-px-8.png","contentUrl":"https:\/\/studiokobietzukowo.com\/wp-content\/uploads\/2022\/12\/cropped-Fotografia-Studio-Facebook-Zdjecie-w-Tle-851\u00d7315-px-8.png","width":171,"height":225,"caption":"Studio Kobiet \u017bukowo"},"image":{"@id":"https:\/\/studiokobietzukowo.com\/#\/schema\/logo\/image\/"}}]}},"_links":{"self":[{"href":"https:\/\/studiokobietzukowo.com\/index.php?rest_route=\/wp\/v2\/pages\/846","targetHints":{"allow":["GET"]}}],"collection":[{"href":"https:\/\/studiokobietzukowo.com\/index.php?rest_route=\/wp\/v2\/pages"}],"about":[{"href":"https:\/\/studiokobietzukowo.com\/index.php?rest_route=\/wp\/v2\/types\/page"}],"author":[{"embeddable":true,"href":"https:\/\/studiokobietzukowo.com\/index.php?rest_route=\/wp\/v2\/users\/1"}],"replies":[{"embeddable":true,"href":"https:\/\/studiokobietzukowo.com\/index.php?rest_route=%2Fwp%2Fv2%2Fcomments&post=846"}],"version-history":[{"count":20,"href":"https:\/\/studiokobietzukowo.com\/index.php?rest_route=\/wp\/v2\/pages\/846\/revisions"}],"predecessor-version":[{"id":1027,"href":"https:\/\/studiokobietzukowo.com\/index.php?rest_route=\/wp\/v2\/pages\/846\/revisions\/1027"}],"wp:attachment":[{"href":"https:\/\/studiokobietzukowo.com\/index.php?rest_route=%2Fwp%2Fv2%2Fmedia&parent=846"}],"curies":[{"name":"wp","href":"https:\/\/api.w.org\/{rel}","templated":true}]}}