{"id":892,"date":"2022-12-29T10:12:59","date_gmt":"2022-12-29T09:12:59","guid":{"rendered":"http:\/\/studiokobietzukowo.com\/?page_id=892"},"modified":"2022-12-29T11:33:36","modified_gmt":"2022-12-29T10:33:36","slug":"icoone","status":"publish","type":"page","link":"https:\/\/studiokobietzukowo.com\/?page_id=892","title":{"rendered":"icoone"},"content":{"rendered":"\t\t<div data-elementor-type=\"wp-page\" data-elementor-id=\"892\" class=\"elementor elementor-892\">\n\t\t\t\t\t\t<section class=\"elementor-section elementor-top-section elementor-element elementor-element-2f31c1c4 elementor-section-boxed elementor-section-height-default elementor-section-height-default\" data-id=\"2f31c1c4\" data-element_type=\"section\">\n\t\t\t\t\t\t<div class=\"elementor-container elementor-column-gap-default\">\n\t\t\t\t\t<div class=\"elementor-column elementor-col-50 elementor-top-column elementor-element elementor-element-6a20b252\" data-id=\"6a20b252\" data-element_type=\"column\">\n\t\t\t<div class=\"elementor-widget-wrap elementor-element-populated\">\n\t\t\t\t\t\t<div class=\"elementor-element elementor-element-52661649 elementor-widget elementor-widget-image\" data-id=\"52661649\" data-element_type=\"widget\" data-widget_type=\"image.default\">\n\t\t\t\t<div class=\"elementor-widget-container\">\n\t\t\t\t\t\t\t\t\t\t\t\t\t\t\t<img fetchpriority=\"high\" decoding=\"async\" width=\"1024\" height=\"768\" src=\"https:\/\/studiokobietzukowo.com\/wp-content\/uploads\/2022\/12\/ICOONE-1024x768.jpg\" class=\"attachment-large size-large wp-image-805\" alt=\"\" srcset=\"https:\/\/studiokobietzukowo.com\/wp-content\/uploads\/2022\/12\/ICOONE-1024x768.jpg 1024w, https:\/\/studiokobietzukowo.com\/wp-content\/uploads\/2022\/12\/ICOONE-300x225.jpg 300w, https:\/\/studiokobietzukowo.com\/wp-content\/uploads\/2022\/12\/ICOONE-768x576.jpg 768w, https:\/\/studiokobietzukowo.com\/wp-content\/uploads\/2022\/12\/ICOONE-1536x1152.jpg 1536w, https:\/\/studiokobietzukowo.com\/wp-content\/uploads\/2022\/12\/ICOONE-2048x1536.jpg 2048w\" sizes=\"(max-width: 1024px) 100vw, 1024px\" \/>\t\t\t\t\t\t\t\t\t\t\t\t\t\t\t<\/div>\n\t\t\t\t<\/div>\n\t\t\t\t<div class=\"elementor-element elementor-element-331c2b2 elementor-widget elementor-widget-image-gallery\" data-id=\"331c2b2\" data-element_type=\"widget\" data-widget_type=\"image-gallery.default\">\n\t\t\t\t<div class=\"elementor-widget-container\">\n\t\t\t\t\t\t\t<div class=\"elementor-image-gallery\">\n\t\t\t<div id='gallery-1' class='gallery galleryid-892 gallery-columns-3 gallery-size-medium'><figure class='gallery-item'>\n\t\t\t<div class='gallery-icon landscape'>\n\t\t\t\t<a data-elementor-open-lightbox=\"yes\" data-elementor-lightbox-slideshow=\"331c2b2\" data-elementor-lightbox-title=\"ICOONE EFEKT 5\" data-e-action-hash=\"#elementor-action%3Aaction%3Dlightbox%26settings%3DeyJpZCI6ODk1LCJ1cmwiOiJodHRwczpcL1wvc3R1ZGlva29iaWV0enVrb3dvLmNvbVwvd3AtY29udGVudFwvdXBsb2Fkc1wvMjAyMlwvMTJcL0lDT09ORS1FRkVLVC01LnBuZyIsInNsaWRlc2hvdyI6IjMzMWMyYjIifQ%3D%3D\" href='https:\/\/studiokobietzukowo.com\/wp-content\/uploads\/2022\/12\/ICOONE-EFEKT-5.png'><img decoding=\"async\" width=\"300\" height=\"251\" src=\"https:\/\/studiokobietzukowo.com\/wp-content\/uploads\/2022\/12\/ICOONE-EFEKT-5-300x251.png\" class=\"attachment-medium size-medium\" alt=\"\" srcset=\"https:\/\/studiokobietzukowo.com\/wp-content\/uploads\/2022\/12\/ICOONE-EFEKT-5-300x251.png 300w, https:\/\/studiokobietzukowo.com\/wp-content\/uploads\/2022\/12\/ICOONE-EFEKT-5-768x644.png 768w, https:\/\/studiokobietzukowo.com\/wp-content\/uploads\/2022\/12\/ICOONE-EFEKT-5.png 940w\" sizes=\"(max-width: 300px) 100vw, 300px\" \/><\/a>\n\t\t\t<\/div><\/figure><figure class='gallery-item'>\n\t\t\t<div class='gallery-icon landscape'>\n\t\t\t\t<a data-elementor-open-lightbox=\"yes\" data-elementor-lightbox-slideshow=\"331c2b2\" data-elementor-lightbox-title=\"ICOONE EFEKT 2\" data-e-action-hash=\"#elementor-action%3Aaction%3Dlightbox%26settings%3DeyJpZCI6ODk2LCJ1cmwiOiJodHRwczpcL1wvc3R1ZGlva29iaWV0enVrb3dvLmNvbVwvd3AtY29udGVudFwvdXBsb2Fkc1wvMjAyMlwvMTJcL0lDT09ORS1FRkVLVC0yLnBuZyIsInNsaWRlc2hvdyI6IjMzMWMyYjIifQ%3D%3D\" href='https:\/\/studiokobietzukowo.com\/wp-content\/uploads\/2022\/12\/ICOONE-EFEKT-2.png'><img decoding=\"async\" width=\"300\" height=\"251\" src=\"https:\/\/studiokobietzukowo.com\/wp-content\/uploads\/2022\/12\/ICOONE-EFEKT-2-300x251.png\" class=\"attachment-medium size-medium\" alt=\"\" srcset=\"https:\/\/studiokobietzukowo.com\/wp-content\/uploads\/2022\/12\/ICOONE-EFEKT-2-300x251.png 300w, https:\/\/studiokobietzukowo.com\/wp-content\/uploads\/2022\/12\/ICOONE-EFEKT-2-768x644.png 768w, https:\/\/studiokobietzukowo.com\/wp-content\/uploads\/2022\/12\/ICOONE-EFEKT-2.png 940w\" sizes=\"(max-width: 300px) 100vw, 300px\" \/><\/a>\n\t\t\t<\/div><\/figure><figure class='gallery-item'>\n\t\t\t<div class='gallery-icon landscape'>\n\t\t\t\t<a data-elementor-open-lightbox=\"yes\" data-elementor-lightbox-slideshow=\"331c2b2\" data-elementor-lightbox-title=\"ICOONE EFEKT 4\" data-e-action-hash=\"#elementor-action%3Aaction%3Dlightbox%26settings%3DeyJpZCI6ODk3LCJ1cmwiOiJodHRwczpcL1wvc3R1ZGlva29iaWV0enVrb3dvLmNvbVwvd3AtY29udGVudFwvdXBsb2Fkc1wvMjAyMlwvMTJcL0lDT09ORS1FRkVLVC00LnBuZyIsInNsaWRlc2hvdyI6IjMzMWMyYjIifQ%3D%3D\" href='https:\/\/studiokobietzukowo.com\/wp-content\/uploads\/2022\/12\/ICOONE-EFEKT-4.png'><img loading=\"lazy\" decoding=\"async\" width=\"300\" height=\"251\" src=\"https:\/\/studiokobietzukowo.com\/wp-content\/uploads\/2022\/12\/ICOONE-EFEKT-4-300x251.png\" class=\"attachment-medium size-medium\" alt=\"\" srcset=\"https:\/\/studiokobietzukowo.com\/wp-content\/uploads\/2022\/12\/ICOONE-EFEKT-4-300x251.png 300w, https:\/\/studiokobietzukowo.com\/wp-content\/uploads\/2022\/12\/ICOONE-EFEKT-4-768x644.png 768w, https:\/\/studiokobietzukowo.com\/wp-content\/uploads\/2022\/12\/ICOONE-EFEKT-4.png 940w\" sizes=\"(max-width: 300px) 100vw, 300px\" \/><\/a>\n\t\t\t<\/div><\/figure><figure class='gallery-item'>\n\t\t\t<div class='gallery-icon landscape'>\n\t\t\t\t<a data-elementor-open-lightbox=\"yes\" data-elementor-lightbox-slideshow=\"331c2b2\" data-elementor-lightbox-title=\"ICOONE EFEKT 6\" data-e-action-hash=\"#elementor-action%3Aaction%3Dlightbox%26settings%3DeyJpZCI6ODk4LCJ1cmwiOiJodHRwczpcL1wvc3R1ZGlva29iaWV0enVrb3dvLmNvbVwvd3AtY29udGVudFwvdXBsb2Fkc1wvMjAyMlwvMTJcL0lDT09ORS1FRkVLVC02LnBuZyIsInNsaWRlc2hvdyI6IjMzMWMyYjIifQ%3D%3D\" href='https:\/\/studiokobietzukowo.com\/wp-content\/uploads\/2022\/12\/ICOONE-EFEKT-6.png'><img loading=\"lazy\" decoding=\"async\" width=\"300\" height=\"251\" src=\"https:\/\/studiokobietzukowo.com\/wp-content\/uploads\/2022\/12\/ICOONE-EFEKT-6-300x251.png\" class=\"attachment-medium size-medium\" alt=\"\" srcset=\"https:\/\/studiokobietzukowo.com\/wp-content\/uploads\/2022\/12\/ICOONE-EFEKT-6-300x251.png 300w, https:\/\/studiokobietzukowo.com\/wp-content\/uploads\/2022\/12\/ICOONE-EFEKT-6-768x644.png 768w, https:\/\/studiokobietzukowo.com\/wp-content\/uploads\/2022\/12\/ICOONE-EFEKT-6.png 940w\" sizes=\"(max-width: 300px) 100vw, 300px\" \/><\/a>\n\t\t\t<\/div><\/figure><figure class='gallery-item'>\n\t\t\t<div class='gallery-icon landscape'>\n\t\t\t\t<a data-elementor-open-lightbox=\"yes\" data-elementor-lightbox-slideshow=\"331c2b2\" data-elementor-lightbox-title=\"ICOONE EFEKT 3\" data-e-action-hash=\"#elementor-action%3Aaction%3Dlightbox%26settings%3DeyJpZCI6ODk5LCJ1cmwiOiJodHRwczpcL1wvc3R1ZGlva29iaWV0enVrb3dvLmNvbVwvd3AtY29udGVudFwvdXBsb2Fkc1wvMjAyMlwvMTJcL0lDT09ORS1FRkVLVC0zLnBuZyIsInNsaWRlc2hvdyI6IjMzMWMyYjIifQ%3D%3D\" href='https:\/\/studiokobietzukowo.com\/wp-content\/uploads\/2022\/12\/ICOONE-EFEKT-3.png'><img loading=\"lazy\" decoding=\"async\" width=\"300\" height=\"251\" src=\"https:\/\/studiokobietzukowo.com\/wp-content\/uploads\/2022\/12\/ICOONE-EFEKT-3-300x251.png\" class=\"attachment-medium size-medium\" alt=\"\" srcset=\"https:\/\/studiokobietzukowo.com\/wp-content\/uploads\/2022\/12\/ICOONE-EFEKT-3-300x251.png 300w, https:\/\/studiokobietzukowo.com\/wp-content\/uploads\/2022\/12\/ICOONE-EFEKT-3-768x644.png 768w, https:\/\/studiokobietzukowo.com\/wp-content\/uploads\/2022\/12\/ICOONE-EFEKT-3.png 940w\" sizes=\"(max-width: 300px) 100vw, 300px\" \/><\/a>\n\t\t\t<\/div><\/figure><figure class='gallery-item'>\n\t\t\t<div class='gallery-icon landscape'>\n\t\t\t\t<a data-elementor-open-lightbox=\"yes\" data-elementor-lightbox-slideshow=\"331c2b2\" data-elementor-lightbox-title=\"ICOONE EFEKT 1\" data-e-action-hash=\"#elementor-action%3Aaction%3Dlightbox%26settings%3DeyJpZCI6OTAwLCJ1cmwiOiJodHRwczpcL1wvc3R1ZGlva29iaWV0enVrb3dvLmNvbVwvd3AtY29udGVudFwvdXBsb2Fkc1wvMjAyMlwvMTJcL0lDT09ORS1FRkVLVC0xLnBuZyIsInNsaWRlc2hvdyI6IjMzMWMyYjIifQ%3D%3D\" href='https:\/\/studiokobietzukowo.com\/wp-content\/uploads\/2022\/12\/ICOONE-EFEKT-1.png'><img loading=\"lazy\" decoding=\"async\" width=\"300\" height=\"251\" src=\"https:\/\/studiokobietzukowo.com\/wp-content\/uploads\/2022\/12\/ICOONE-EFEKT-1-300x251.png\" class=\"attachment-medium size-medium\" alt=\"\" srcset=\"https:\/\/studiokobietzukowo.com\/wp-content\/uploads\/2022\/12\/ICOONE-EFEKT-1-300x251.png 300w, https:\/\/studiokobietzukowo.com\/wp-content\/uploads\/2022\/12\/ICOONE-EFEKT-1-768x644.png 768w, https:\/\/studiokobietzukowo.com\/wp-content\/uploads\/2022\/12\/ICOONE-EFEKT-1.png 940w\" sizes=\"(max-width: 300px) 100vw, 300px\" \/><\/a>\n\t\t\t<\/div><\/figure>\n\t\t<\/div>\n\t\t<\/div>\n\t\t\t\t\t\t<\/div>\n\t\t\t\t<\/div>\n\t\t\t\t<div class=\"elementor-element elementor-element-2f5a67c elementor-align-center elementor-widget elementor-widget-button\" data-id=\"2f5a67c\" data-element_type=\"widget\" data-widget_type=\"button.default\">\n\t\t\t\t<div class=\"elementor-widget-container\">\n\t\t\t\t\t\t\t\t\t<div class=\"elementor-button-wrapper\">\n\t\t\t\t\t<a class=\"elementor-button elementor-button-link elementor-size-sm\" href=\"http:\/\/studiokobietzukowo.com\/?page_id=988\">\n\t\t\t\t\t\t<span class=\"elementor-button-content-wrapper\">\n\t\t\t\t\t\t\t\t\t<span class=\"elementor-button-text\">Zapisz si\u0119 na zabieg!<\/span>\n\t\t\t\t\t<\/span>\n\t\t\t\t\t<\/a>\n\t\t\t\t<\/div>\n\t\t\t\t\t\t\t\t<\/div>\n\t\t\t\t<\/div>\n\t\t\t\t<div class=\"elementor-element elementor-element-547eff49 elementor-align-center elementor-widget elementor-widget-button\" data-id=\"547eff49\" data-element_type=\"widget\" data-widget_type=\"button.default\">\n\t\t\t\t<div class=\"elementor-widget-container\">\n\t\t\t\t\t\t\t\t\t<div class=\"elementor-button-wrapper\">\n\t\t\t\t\t<a class=\"elementor-button elementor-button-link elementor-size-sm\" href=\"http:\/\/studiokobietzukowo.com\/?page_id=792\">\n\t\t\t\t\t\t<span class=\"elementor-button-content-wrapper\">\n\t\t\t\t\t\t\t\t\t<span class=\"elementor-button-text\">Powr\u00f3t do zabieg\u00f3w<\/span>\n\t\t\t\t\t<\/span>\n\t\t\t\t\t<\/a>\n\t\t\t\t<\/div>\n\t\t\t\t\t\t\t\t<\/div>\n\t\t\t\t<\/div>\n\t\t\t\t\t<\/div>\n\t\t<\/div>\n\t\t\t\t<div class=\"elementor-column elementor-col-50 elementor-top-column elementor-element elementor-element-4210e701\" data-id=\"4210e701\" data-element_type=\"column\">\n\t\t\t<div class=\"elementor-widget-wrap elementor-element-populated\">\n\t\t\t\t\t\t<div class=\"elementor-element elementor-element-2882e228 elementor-widget elementor-widget-heading\" data-id=\"2882e228\" data-element_type=\"widget\" data-widget_type=\"heading.default\">\n\t\t\t\t<div class=\"elementor-widget-container\">\n\t\t\t\t\t<h2 class=\"elementor-heading-title elementor-size-default\">ICOONE<\/h2>\t\t\t\t<\/div>\n\t\t\t\t<\/div>\n\t\t\t\t<div class=\"elementor-element elementor-element-5694bf21 elementor-widget elementor-widget-text-editor\" data-id=\"5694bf21\" data-element_type=\"widget\" data-widget_type=\"text-editor.default\">\n\t\t\t\t<div class=\"elementor-widget-container\">\n\t\t\t\t\t\t\t\t\t<p><em>Icoone to urz\u0105dzenie medyczne posiadaj\u0105ce certyfikat FDA. Wykorzystuje najnowsz\u0105 technologi\u0119 masa\u017cu podci\u015bnieniowego na rynku, dost\u0119pna u nas w Studio Kobiet \u017bukowo, kt\u00f3ra radzi sobie lepiej ni\u017c znane do tej pory metody modelowania sylwetki. Jest uwielbianym zabiegiem gwiazd i celebrytek, a polecaj\u0105 go renomowane kliniki w Polsce i na \u015bwiecie.<\/em><\/p><p>Ten modny i presti\u017cowy zabieg wykorzystuje opatentowan\u0105 technologi\u0119 ROBODERM, kt\u00f3ra polega na pracy zmechanizowanych g\u0142owic masuj\u0105cych z rolkami posiadaj\u0105cymi liczne otwory, tworz\u0105ce multimikrostymulacj\u0119, kt\u00f3ra dzia\u0142a precyzyjnie i dog\u0142\u0119bnie na ka\u017cdy milimetr sk\u00f3ry bez rozci\u0105gania jej, czy powodowania uraz\u00f3w. Dzi\u0119ki stymulacji sk\u00f3ra otrzymuje 1180 bod\u017ac\u00f3w mikrostymuluj\u0105cych na dm2 wraz z ka\u017cdym pe\u0142nym ruchem g\u0142owicy. Jest to jedyne urz\u0105dzenie medyczne na \u015bwiecie, kt\u00f3re oferuje zabiegi dla wszystkich klient\u00f3w bez wzgl\u0119du na rodzaj sk\u00f3ry oraz wiek. Korzystaj\u0105 z niego m\u0142ode osoby, ale r\u00f3wnie\u017c Panie po 50. Icoone daje mo\u017cliwo\u015b\u0107 wykonania zabieg\u00f3w na ca\u0142ym ciele, twarzy i biu\u015bcie, a sk\u00f3ra lu\u017ana czy naczyniowa nie jest ju\u017c przeciwwskazaniem. Dzia\u0142anie Icoone polega na przyspieszaniu kr\u0105\u017cenia krwi i limfy, przez co otaczaj\u0105ce tkanki s\u0105 lepiej od\u017cywione i dotlenione. Masa\u017c pobudza fibroblasty do syntezy kolagenu i elastyny odpowiedzialnych za j\u0119drno\u015b\u0107 sk\u00f3ry. Na skutek dzia\u0142ania tej tr\u00f3jwymiarowej stymulacji dochodzi do rozpadu kom\u00f3rek t\u0142uszczowych, a cia\u0142o traci zb\u0119dne centymetry. Zaleca si\u0119 r\u00f3wnie\u017c \u0142\u0105czenie zabiegu Icoone z liposukcj\u0105 kawitacyjn\u0105, oraz po zabiegu liposukcji chirurgicznej.<\/p><p><strong>Icoone to jedno z niewielu urz\u0105dze\u0144, dzi\u0119ki kt\u00f3remu mo\u017cna uj\u0119drni\u0107 piersi.<\/strong><\/p><p>Urz\u0105dzenie wyposa\u017cone jest w dwa rodzaje rolek do masa\u017cu cia\u0142a. Robosolo \u2013 najwi\u0119ksza g\u0142owica z najwi\u0119ksz\u0105 si\u0142\u0105 dzia\u0142ania, przeznaczona do program\u00f3w antycellulitowych i wyszczuplaj\u0105cych. Robotwins \u2013 ma\u0142e g\u0142owice dzia\u0142aj\u0105ce synergicznie \u2013 do program\u00f3w drenuj\u0105cych i uj\u0119drniaj\u0105cych. Zabieg Icoone na cia\u0142o sk\u0142ada si\u0119 z dw\u00f3ch etap\u00f3w. Pierwszy 20 minutowy program bazowy ukierunkowany jest na og\u00f3lne potrzeby sk\u00f3ry i drena\u017c. Kolejne to 10 minutowe focusy koncentruj\u0105ce si\u0119 ju\u017c na konkretnym problemie i obszarze np. podniesienie po\u015bladk\u00f3w, redukcja cellulitu, wyszczuplenie danej partii cia\u0142a, czy uj\u0119drnienie sk\u00f3ry. Przed wykonan\u0105 seri\u0105 zabieg\u00f3w dla ka\u017cdej klientki dobierane s\u0105 indywidualnie focusy dopasowane do jej potrzeb i oczekiwa\u0144. Zalecana seria Icoone to 10 zabieg\u00f3w, wykonywanych 2-3 razy w tygodniu. Dla uzyskania lepszych efekt\u00f3w nale\u017cy pi\u0107 wi\u0119ksze ilo\u015bci wody i stosowa\u0107 lekkostrawn\u0105 diet\u0119 oraz aktywno\u015b\u0107 fizyczn\u0105.<\/p><p><strong>Przygotowanie do zabiegu<\/strong><\/p><p>Przed rozpocz\u0119ciem zabiegu w Studio Kobiet \u017bukowo nasze specjalistki przeprowadzaj\u0105 konsultacj\u0119, wype\u0142niaj\u0105 kart\u0119 klienta i przygotowuj\u0105 dokumentacj\u0119 fotograficzn\u0105. Nast\u0119pnie uzgadniaj\u0105 z klientk\u0105 najbardziej problematyczne obszary, po czym dopasowuj\u0105 odpowiedni program spo\u015br\u00f3d wielu dost\u0119pnych w urz\u0105dzeniu Icoone, aby efekt zabiegu by\u0142 jak najlepszy. Przed zabiegiem klientka ubiera si\u0119 w specjalny, przeznaczony tylko dla niej kombinezon, kt\u00f3ry zapewnia komfort i prawid\u0142owe wykonanie masa\u017cu.<\/p><p><strong>Efekty<\/strong><\/p><p>\u2022 likwidacja cellulitu,<br \/>\u2022 redukcja tkanki t\u0142uszczowej,<br \/>\u2022 wymodelowanie sylwetki,<br \/>\u2022 zmniejszenie obwod\u00f3w,<br \/>\u2022 pozbycie si\u0119 obrz\u0119k\u00f3w,<br \/>\u2022 poprawa kr\u0105\u017cenia, dotlenienie tkanek,<br \/>\u2022 rozlu\u017anienie mi\u0119\u015bni,<br \/>\u2022 uj\u0119drnienie sk\u00f3ry,<br \/>\u2022 usprawnienie przep\u0142ywu limfy.<\/p>\t\t\t\t\t\t\t\t<\/div>\n\t\t\t\t<\/div>\n\t\t\t\t\t<\/div>\n\t\t<\/div>\n\t\t\t\t\t<\/div>\n\t\t<\/section>\n\t\t\t\t<section class=\"elementor-section elementor-top-section elementor-element elementor-element-349b5ca elementor-section-boxed elementor-section-height-default elementor-section-height-default\" data-id=\"349b5ca\" data-element_type=\"section\">\n\t\t\t\t\t\t<div class=\"elementor-container elementor-column-gap-default\">\n\t\t\t\t\t<div class=\"elementor-column elementor-col-100 elementor-top-column elementor-element elementor-element-1a06e293\" data-id=\"1a06e293\" data-element_type=\"column\">\n\t\t\t<div class=\"elementor-widget-wrap\">\n\t\t\t\t\t\t\t<\/div>\n\t\t<\/div>\n\t\t\t\t\t<\/div>\n\t\t<\/section>\n\t\t\t\t<\/div>\n\t\t","protected":false},"excerpt":{"rendered":"<p>Zapisz si\u0119 na zabieg! Powr\u00f3t do zabieg\u00f3w ICOONE Icoone to urz\u0105dzenie medyczne posiadaj\u0105ce certyfikat FDA. Wykorzystuje najnowsz\u0105 technologi\u0119 masa\u017cu podci\u015bnieniowego na rynku, dost\u0119pna u nas w Studio Kobiet \u017bukowo, kt\u00f3ra radzi sobie lepiej ni\u017c znane do tej pory metody modelowania sylwetki. Jest uwielbianym zabiegiem gwiazd i celebrytek, a polecaj\u0105 go renomowane kliniki w Polsce i &hellip;<\/p>\n<p class=\"read-more\"> <a class=\"\" href=\"https:\/\/studiokobietzukowo.com\/?page_id=892\"> <span class=\"screen-reader-text\">icoone<\/span> Read More &raquo;<\/a><\/p>\n","protected":false},"author":1,"featured_media":0,"parent":0,"menu_order":0,"comment_status":"closed","ping_status":"closed","template":"","meta":{"site-sidebar-layout":"no-sidebar","site-content-layout":"page-builder","ast-global-header-display":"","ast-main-header-display":"","ast-hfb-above-header-display":"","ast-hfb-below-header-display":"","ast-hfb-mobile-header-display":"","site-post-title":"disabled","ast-breadcrumbs-content":"","ast-featured-img":"disabled","footer-sml-layout":"","theme-transparent-header-meta":"","adv-header-id-meta":"","stick-header-meta":"","header-above-stick-meta":"","header-main-stick-meta":"","header-below-stick-meta":"","footnotes":""},"class_list":["post-892","page","type-page","status-publish","hentry"],"yoast_head":"<!-- This site is optimized with the Yoast SEO plugin v19.13 - https:\/\/yoast.com\/wordpress\/plugins\/seo\/ -->\n<title>icoone - Studio Kobiet \u017bukowo<\/title>\n<meta name=\"robots\" content=\"index, follow, max-snippet:-1, max-image-preview:large, max-video-preview:-1\" \/>\n<link rel=\"canonical\" href=\"https:\/\/studiokobietzukowo.com\/?page_id=892\" \/>\n<meta property=\"og:locale\" content=\"en_US\" \/>\n<meta property=\"og:type\" content=\"article\" \/>\n<meta property=\"og:title\" content=\"icoone - Studio Kobiet \u017bukowo\" \/>\n<meta property=\"og:description\" content=\"Zapisz si\u0119 na zabieg! Powr\u00f3t do zabieg\u00f3w ICOONE Icoone to urz\u0105dzenie medyczne posiadaj\u0105ce certyfikat FDA. Wykorzystuje najnowsz\u0105 technologi\u0119 masa\u017cu podci\u015bnieniowego na rynku, dost\u0119pna u nas w Studio Kobiet \u017bukowo, kt\u00f3ra radzi sobie lepiej ni\u017c znane do tej pory metody modelowania sylwetki. Jest uwielbianym zabiegiem gwiazd i celebrytek, a polecaj\u0105 go renomowane kliniki w Polsce i &hellip; icoone Read More &raquo;\" \/>\n<meta property=\"og:url\" content=\"https:\/\/studiokobietzukowo.com\/?page_id=892\" \/>\n<meta property=\"og:site_name\" content=\"Studio Kobiet \u017bukowo\" \/>\n<meta property=\"article:modified_time\" content=\"2022-12-29T10:33:36+00:00\" \/>\n<meta property=\"og:image\" content=\"http:\/\/studiokobietzukowo.com\/wp-content\/uploads\/2022\/12\/ICOONE-1024x768.jpg\" \/>\n<meta name=\"twitter:card\" content=\"summary_large_image\" \/>\n<meta name=\"twitter:label1\" content=\"Est. reading time\" \/>\n\t<meta name=\"twitter:data1\" content=\"5 minutes\" \/>\n<script type=\"application\/ld+json\" class=\"yoast-schema-graph\">{\"@context\":\"https:\/\/schema.org\",\"@graph\":[{\"@type\":\"WebPage\",\"@id\":\"https:\/\/studiokobietzukowo.com\/?page_id=892\",\"url\":\"https:\/\/studiokobietzukowo.com\/?page_id=892\",\"name\":\"icoone - Studio Kobiet \u017bukowo\",\"isPartOf\":{\"@id\":\"https:\/\/studiokobietzukowo.com\/#website\"},\"datePublished\":\"2022-12-29T09:12:59+00:00\",\"dateModified\":\"2022-12-29T10:33:36+00:00\",\"breadcrumb\":{\"@id\":\"https:\/\/studiokobietzukowo.com\/?page_id=892#breadcrumb\"},\"inLanguage\":\"en-US\",\"potentialAction\":[{\"@type\":\"ReadAction\",\"target\":[\"https:\/\/studiokobietzukowo.com\/?page_id=892\"]}]},{\"@type\":\"BreadcrumbList\",\"@id\":\"https:\/\/studiokobietzukowo.com\/?page_id=892#breadcrumb\",\"itemListElement\":[{\"@type\":\"ListItem\",\"position\":1,\"name\":\"Home\",\"item\":\"https:\/\/studiokobietzukowo.com\/\"},{\"@type\":\"ListItem\",\"position\":2,\"name\":\"icoone\"}]},{\"@type\":\"WebSite\",\"@id\":\"https:\/\/studiokobietzukowo.com\/#website\",\"url\":\"https:\/\/studiokobietzukowo.com\/\",\"name\":\"Studio Kobiet \u017bukowo\",\"description\":\"\",\"publisher\":{\"@id\":\"https:\/\/studiokobietzukowo.com\/#organization\"},\"potentialAction\":[{\"@type\":\"SearchAction\",\"target\":{\"@type\":\"EntryPoint\",\"urlTemplate\":\"https:\/\/studiokobietzukowo.com\/?s={search_term_string}\"},\"query-input\":\"required name=search_term_string\"}],\"inLanguage\":\"en-US\"},{\"@type\":\"Organization\",\"@id\":\"https:\/\/studiokobietzukowo.com\/#organization\",\"name\":\"Studio Kobiet \u017bukowo\",\"url\":\"https:\/\/studiokobietzukowo.com\/\",\"logo\":{\"@type\":\"ImageObject\",\"inLanguage\":\"en-US\",\"@id\":\"https:\/\/studiokobietzukowo.com\/#\/schema\/logo\/image\/\",\"url\":\"https:\/\/studiokobietzukowo.com\/wp-content\/uploads\/2022\/12\/cropped-Fotografia-Studio-Facebook-Zdjecie-w-Tle-851\u00d7315-px-8.png\",\"contentUrl\":\"https:\/\/studiokobietzukowo.com\/wp-content\/uploads\/2022\/12\/cropped-Fotografia-Studio-Facebook-Zdjecie-w-Tle-851\u00d7315-px-8.png\",\"width\":171,\"height\":225,\"caption\":\"Studio Kobiet \u017bukowo\"},\"image\":{\"@id\":\"https:\/\/studiokobietzukowo.com\/#\/schema\/logo\/image\/\"}}]}<\/script>\n<!-- \/ Yoast SEO plugin. -->","yoast_head_json":{"title":"icoone - Studio Kobiet \u017bukowo","robots":{"index":"index","follow":"follow","max-snippet":"max-snippet:-1","max-image-preview":"max-image-preview:large","max-video-preview":"max-video-preview:-1"},"canonical":"https:\/\/studiokobietzukowo.com\/?page_id=892","og_locale":"en_US","og_type":"article","og_title":"icoone - Studio Kobiet \u017bukowo","og_description":"Zapisz si\u0119 na zabieg! Powr\u00f3t do zabieg\u00f3w ICOONE Icoone to urz\u0105dzenie medyczne posiadaj\u0105ce certyfikat FDA. Wykorzystuje najnowsz\u0105 technologi\u0119 masa\u017cu podci\u015bnieniowego na rynku, dost\u0119pna u nas w Studio Kobiet \u017bukowo, kt\u00f3ra radzi sobie lepiej ni\u017c znane do tej pory metody modelowania sylwetki. Jest uwielbianym zabiegiem gwiazd i celebrytek, a polecaj\u0105 go renomowane kliniki w Polsce i &hellip; icoone Read More &raquo;","og_url":"https:\/\/studiokobietzukowo.com\/?page_id=892","og_site_name":"Studio Kobiet \u017bukowo","article_modified_time":"2022-12-29T10:33:36+00:00","og_image":[{"url":"http:\/\/studiokobietzukowo.com\/wp-content\/uploads\/2022\/12\/ICOONE-1024x768.jpg"}],"twitter_card":"summary_large_image","twitter_misc":{"Est. reading time":"5 minutes"},"schema":{"@context":"https:\/\/schema.org","@graph":[{"@type":"WebPage","@id":"https:\/\/studiokobietzukowo.com\/?page_id=892","url":"https:\/\/studiokobietzukowo.com\/?page_id=892","name":"icoone - Studio Kobiet \u017bukowo","isPartOf":{"@id":"https:\/\/studiokobietzukowo.com\/#website"},"datePublished":"2022-12-29T09:12:59+00:00","dateModified":"2022-12-29T10:33:36+00:00","breadcrumb":{"@id":"https:\/\/studiokobietzukowo.com\/?page_id=892#breadcrumb"},"inLanguage":"en-US","potentialAction":[{"@type":"ReadAction","target":["https:\/\/studiokobietzukowo.com\/?page_id=892"]}]},{"@type":"BreadcrumbList","@id":"https:\/\/studiokobietzukowo.com\/?page_id=892#breadcrumb","itemListElement":[{"@type":"ListItem","position":1,"name":"Home","item":"https:\/\/studiokobietzukowo.com\/"},{"@type":"ListItem","position":2,"name":"icoone"}]},{"@type":"WebSite","@id":"https:\/\/studiokobietzukowo.com\/#website","url":"https:\/\/studiokobietzukowo.com\/","name":"Studio Kobiet \u017bukowo","description":"","publisher":{"@id":"https:\/\/studiokobietzukowo.com\/#organization"},"potentialAction":[{"@type":"SearchAction","target":{"@type":"EntryPoint","urlTemplate":"https:\/\/studiokobietzukowo.com\/?s={search_term_string}"},"query-input":"required name=search_term_string"}],"inLanguage":"en-US"},{"@type":"Organization","@id":"https:\/\/studiokobietzukowo.com\/#organization","name":"Studio Kobiet \u017bukowo","url":"https:\/\/studiokobietzukowo.com\/","logo":{"@type":"ImageObject","inLanguage":"en-US","@id":"https:\/\/studiokobietzukowo.com\/#\/schema\/logo\/image\/","url":"https:\/\/studiokobietzukowo.com\/wp-content\/uploads\/2022\/12\/cropped-Fotografia-Studio-Facebook-Zdjecie-w-Tle-851\u00d7315-px-8.png","contentUrl":"https:\/\/studiokobietzukowo.com\/wp-content\/uploads\/2022\/12\/cropped-Fotografia-Studio-Facebook-Zdjecie-w-Tle-851\u00d7315-px-8.png","width":171,"height":225,"caption":"Studio Kobiet \u017bukowo"},"image":{"@id":"https:\/\/studiokobietzukowo.com\/#\/schema\/logo\/image\/"}}]}},"_links":{"self":[{"href":"https:\/\/studiokobietzukowo.com\/index.php?rest_route=\/wp\/v2\/pages\/892","targetHints":{"allow":["GET"]}}],"collection":[{"href":"https:\/\/studiokobietzukowo.com\/index.php?rest_route=\/wp\/v2\/pages"}],"about":[{"href":"https:\/\/studiokobietzukowo.com\/index.php?rest_route=\/wp\/v2\/types\/page"}],"author":[{"embeddable":true,"href":"https:\/\/studiokobietzukowo.com\/index.php?rest_route=\/wp\/v2\/users\/1"}],"replies":[{"embeddable":true,"href":"https:\/\/studiokobietzukowo.com\/index.php?rest_route=%2Fwp%2Fv2%2Fcomments&post=892"}],"version-history":[{"count":10,"href":"https:\/\/studiokobietzukowo.com\/index.php?rest_route=\/wp\/v2\/pages\/892\/revisions"}],"predecessor-version":[{"id":1042,"href":"https:\/\/studiokobietzukowo.com\/index.php?rest_route=\/wp\/v2\/pages\/892\/revisions\/1042"}],"wp:attachment":[{"href":"https:\/\/studiokobietzukowo.com\/index.php?rest_route=%2Fwp%2Fv2%2Fmedia&parent=892"}],"curies":[{"name":"wp","href":"https:\/\/api.w.org\/{rel}","templated":true}]}}